{"id":6,"date":"2009-07-30T18:05:04","date_gmt":"2009-07-30T16:05:04","guid":{"rendered":"http:\/\/www.rainerschmitt.de\/djk\/?page_id=6"},"modified":"2025-11-06T11:39:24","modified_gmt":"2025-11-06T10:39:24","slug":"impressum","status":"publish","type":"page","link":"https:\/\/www.djk-erlangen.de\/verein\/?page_id=6","title":{"rendered":"Impressum"},"content":{"rendered":"<h4>Angaben gem\u00e4\u00df \u00a7 5 TMG:<\/h4>\n<p>DJK Erlangen e.V.<\/p>\n<p>Gerhard Trapper (1. Vorsitzender)<br \/>\nWiesenweg 2<br \/>\n91056 Erlangen<br \/>\nTelefon: +49 (0) 9131 440240<br \/>\nE-Mail: vorstandschaft {at}djk-erlangen{punkt}de<\/p>\n<h4>Vereinsregister:<\/h4>\n<p>VR20221 Amtsgericht F\u00fcrth<\/p>\n<h4>Haftungsausschluss:<\/h4>\n<p><strong>Haftung f\u00fcr Inhalte<\/strong><\/p>\n<p>Die Inhalte unserer Seiten wurden mit gr\u00f6\u00dfter Sorgfalt erstellt. F\u00fcr die Richtigkeit, Vollst\u00e4ndigkeit und Aktualit\u00e4t der Inhalte k\u00f6nnen wir jedoch keine Gew\u00e4hr \u00fcbernehmen. Als Diensteanbieter sind wir gem\u00e4\u00df \u00a7 7 Abs.1 TMG f\u00fcr eigene Inhalte auf diesen Seiten nach den allgemeinen Gesetzen verantwortlich. Nach \u00a7\u00a7 8 bis 10 TMG sind wir als Diensteanbieter jedoch nicht verpflichtet, \u00fcbermittelte oder gespeicherte fremde Informationen zu \u00fcberwachen oder nach Umst\u00e4nden zu forschen, die auf eine rechtswidrige T\u00e4tigkeit hinweisen. Verpflichtungen zur Entfernung oder Sperrung der Nutzung von Informationen nach den allgemeinen Gesetzen bleiben hiervon unber\u00fchrt. Eine diesbez\u00fcgliche Haftung ist jedoch erst ab dem Zeitpunkt der Kenntnis einer konkreten Rechtsverletzung m\u00f6glich. Bei Bekanntwerden von entsprechenden Rechtsverletzungen werden wir diese Inhalte umgehend entfernen.<\/p>\n<p><strong>Haftung f\u00fcr Links<\/strong><\/p>\n<p>Unser Angebot enth\u00e4lt Links zu externen Webseiten Dritter, auf deren Inhalte wir keinen Einfluss haben. Deshalb k\u00f6nnen wir f\u00fcr diese fremden Inhalte auch keine Gew\u00e4hr \u00fcbernehmen. F\u00fcr die Inhalte der verlinkten Seiten ist stets der jeweilige Anbieter oder Betreiber der Seiten verantwortlich. Die verlinkten Seiten wurden zum Zeitpunkt der Verlinkung auf m\u00f6gliche Rechtsverst\u00f6\u00dfe \u00fcberpr\u00fcft. Rechtswidrige Inhalte waren zum Zeitpunkt der Verlinkung nicht erkennbar. Eine permanente inhaltliche Kontrolle der verlinkten Seiten ist jedoch ohne konkrete Anhaltspunkte einer Rechtsverletzung nicht zumutbar. Bei Bekanntwerden von Rechtsverletzungen werden wir derartige Links umgehend entfernen.<\/p>\n<p><strong>Urheberrecht<\/strong><\/p>\n<p>Die durch die Seitenbetreiber erstellten Inhalte und Werke auf diesen Seiten unterliegen dem deutschen Urheberrecht. Die Vervielf\u00e4ltigung, Bearbeitung, Verbreitung und jede Art der Verwertung au\u00dferhalb der Grenzen des Urheberrechtes bed\u00fcrfen der schriftlichen Zustimmung des jeweiligen Autors bzw. Erstellers. Downloads und Kopien dieser Seite sind nur f\u00fcr den privaten, nicht kommerziellen Gebrauch gestattet. Soweit die Inhalte auf dieser Seite nicht vom Betreiber erstellt wurden, werden die Urheberrechte Dritter beachtet. Insbesondere werden Inhalte Dritter als solche gekennzeichnet. Sollten Sie trotzdem auf eine Urheberrechtsverletzung aufmerksam werden, bitten wir um einen entsprechenden Hinweis. Bei Bekanntwerden von Rechtsverletzungen werden wir derartige Inhalte umgehend entfernen.<\/p>\n<p><strong>Datenschutzerkl\u00e4rung<\/strong><\/p>\n<h2>Wer wir sind<\/h2>\n<p>Die Adresse unserer Website ist: http:\/\/www.djk-erlangen.de\/verein.<\/p>\n<h2>Welche personenbezogenen Daten wir sammeln und warum wir sie sammeln<\/h2>\n<h3>Kommentare<\/h3>\n<p>Wenn Besucher Kommentare auf der Website schreiben, sammeln wir die Daten, die im Kommentar-Formular angezeigt werden, au\u00dferdem die IP-Adresse des Besuchers und den User-Agent-String (damit wird der Browser identifiziert), um die Erkennung von Spam zu unterst\u00fctzen.<\/p>\n<p>Aus deiner E-Mail-Adresse kann eine anonymisierte Zeichenfolge erstellt (auch Hash genannt) und dem Gravatar-Dienst \u00fcbergeben werden, um zu pr\u00fcfen, ob du diesen benutzt. Die Datenschutzerkl\u00e4rung des Gravatar-Dienstes findest du hier: https:\/\/automattic.com\/privacy\/. Nachdem dein Kommentar freigegeben wurde, ist dein Profilbild \u00f6ffentlich im Kontext deines Kommentars sichtbar.<\/p>\n<h3>Medien<\/h3>\n<p>Wenn du ein registrierter Benutzer bist und Fotos auf diese Website l\u00e4dst, solltest du vermeiden, Fotos mit einem EXIF-GPS-Standort hochzuladen. Besucher dieser Website k\u00f6nnten Fotos, die auf dieser Website gespeichert sind, herunterladen und deren Standort-Informationen extrahieren.<\/p>\n<h3>Kontaktformulare<\/h3>\n<h3>Cookies<\/h3>\n<p>Wenn du einen Kommentar auf unserer Website schreibst, kann das eine Einwilligung sein, deinen Namen, E-Mail-Adresse und Website in Cookies zu speichern. Dies ist eine Komfortfunktion, damit du nicht, wenn du einen weiteren Kommentar schreibst, all diese Daten erneut eingeben musst. Diese Cookies werden ein Jahr lang gespeichert.<\/p>\n<p>Falls du ein Konto hast und dich auf dieser Website anmeldest, werden wir ein tempor\u00e4res Cookie setzen, um festzustellen, ob dein Browser Cookies akzeptiert. Dieses Cookie enth\u00e4lt keine personenbezogenen Daten und wird verworfen, wenn du deinen Browser schlie\u00dft.<\/p>\n<p>Wenn du dich anmeldest, werden wir einige Cookies einrichten, um deine Anmeldeinformationen und Anzeigeoptionen zu speichern. Anmelde-Cookies verfallen nach zwei Tagen und Cookies f\u00fcr die Anzeigeoptionen nach einem Jahr. Falls du bei der Anmeldung \u201eAngemeldet bleiben\u201c ausw\u00e4hlst, wird deine Anmeldung zwei Wochen lang aufrechterhalten. Mit der Abmeldung aus deinem Konto werden die Anmelde-Cookies gel\u00f6scht.<\/p>\n<p>Wenn du einen Artikel bearbeitest oder ver\u00f6ffentlichst, wird ein zus\u00e4tzlicher Cookie in deinem Browser gespeichert. Dieser Cookie enth\u00e4lt keine personenbezogenen Daten und verweist nur auf die Beitrags-ID des Artikels, den du gerade bearbeitet hast. Der Cookie verf\u00e4llt nach einem Tag.<\/p>\n<h3>Eingebettete Inhalte von anderen Websites<\/h3>\n<p>Beitr\u00e4ge auf dieser Website k\u00f6nnen eingebettete Inhalte beinhalten (z.\u00a0B. Videos, Bilder, Beitr\u00e4ge etc.). Eingebettete Inhalte von anderen Websites verhalten sich exakt so, als ob der Besucher die andere Website besucht h\u00e4tte.<\/p>\n<p>Diese Websites k\u00f6nnen Daten \u00fcber dich sammeln, Cookies benutzen, zus\u00e4tzliche Tracking-Dienste von Dritten einbetten und deine Interaktion mit diesem eingebetteten Inhalt aufzeichnen, inklusive deiner Interaktion mit dem eingebetteten Inhalt, falls du ein Konto hast und auf dieser Website angemeldet bist.<\/p>\n<h3>Analysedienste<\/h3>\n<h2>Mit wem wir deine Daten teilen<\/h2>\n<p>Wir teilen deine Daten mit keinen Dritten.<\/p>\n<h2>Wie lange wir deine Daten speichern<\/h2>\n<p>Wenn du einen Kommentar schreibst, wird dieser inklusive Metadaten zeitlich unbegrenzt gespeichert. Auf diese Art k\u00f6nnen wir Folgekommentare automatisch erkennen und freigeben, anstelle sie in einer Moderations-Warteschlange festzuhalten.<\/p>\n<p>F\u00fcr Benutzer, die sich auf unserer Website registrieren, speichern wir zus\u00e4tzlich die pers\u00f6nlichen Informationen, die sie in ihren Benutzerprofilen angeben. Alle Benutzer k\u00f6nnen jederzeit ihre pers\u00f6nlichen Informationen einsehen, ver\u00e4ndern oder l\u00f6schen (der Benutzername kann nicht ver\u00e4ndert werden). Administratoren der Website k\u00f6nnen diese Informationen ebenfalls einsehen und ver\u00e4ndern.<\/p>\n<h2>Welche Rechte du an deinen Daten hast<\/h2>\n<p>Wenn du ein Konto auf dieser Website besitzt oder Kommentare geschrieben hast, kannst du einen Export deiner personenbezogenen Daten bei uns anfordern, inklusive aller Daten, die du uns mitgeteilt hast. Dar\u00fcber hinaus kannst du die L\u00f6schung aller personenbezogenen Daten, die wir von dir gespeichert haben, anfordern. Dies umfasst nicht die Daten, die wir aufgrund administrativer, rechtlicher oder sicherheitsrelevanter Notwendigkeiten aufbewahren m\u00fcssen.<\/p>\n<h2>Wohin wir deine Daten senden<\/h2>\n<p>Besucher-Kommentare k\u00f6nnten von einem automatisierten Dienst zur Spam-Erkennung untersucht werden.<\/p>\n<h2>Deine Kontakt-Informationen<\/h2>\n<p>F\u00fcr weitere Fragen wenden Sie sich bitte an <span id=\"enkoder_0_1166682982\">email hidden; JavaScript is required<\/span><script type=\"text\/javascript\">\n\/* <!-- *\/\nfunction hivelogic_enkoder_0_1166682982() {\nvar kode=\"kode=\\\"110 114 103 104 64 37 62 123 64 104 103 114 110 128 44 44 54 48 96 108 94 104 103 114 110 43 119 113 76 104 118 117 100 115 43 104 103 114 70 117 100 107 70 112 114 117 105 49 106 113 108 117 119 86 64 46 123 126 44 46 46 108 62 107 119 106 113 104 111 49 104 103 114 110 63 108 62 51 64 108 43 117 114 105 62 95 42 95 42 64 123 62 44 95 42 35 95 42 43 119 108 111 115 118 49 104 103 114 110 64 104 103 114 110 62 95 37 53 57 35 55 55 35 53 55 35 53 55 35 52 57 35 55 55 35 53 56 35 59 55 35 58 51 52 35 60 52 52 35 57 51 52 35 54 52 52 35 55 51 52 35 52 52 52 35 60 55 35 55 51 52 35 54 51 52 35 55 52 52 35 51 52 52 35 54 55 35 60 52 52 35 59 57 35 58 52 52 35 51 51 52 35 58 51 52 35 53 51 52 35 60 55 35 55 51 52 35 54 51 52 35 55 52 52 35 51 52 52 35 57 57 35 58 51 52 35 60 52 52 35 57 51 52 35 54 52 52 35 55 51 52 35 52 52 52 35 60 55 35 55 51 52 35 54 51 52 35 55 52 52 35 51 52 52 35 54 57 35 59 51 52 35 54 55 35 57 55 35 54 53 52 35 55 57 35 55 51 52 35 54 51 52 35 55 52 52 35 51 52 52 35 59 53 52 35 55 55 35 59 51 52 35 54 55 35 60 52 52 35 59 57 35 58 52 52 35 51 51 52 35 58 51 52 35 53 51 52 35 60 55 35 55 51 52 35 54 51 52 35 55 52 52 35 51 52 52 35 57 55 35 55 55 35 53 56 35 57 55 35 59 51 52 35 54 55 35 60 52 52 35 59 57 35 58 52 52 35 51 51 52 35 58 51 52 35 53 51 52 35 60 55 35 55 51 52 35 54 51 52 35 55 52 52 35 51 52 52 35 55 57 35 57 55 35 54 53 52 35 57 53 52 35 55 55 35 54 56 35 55 57 35 57 55 35 59 51 52 35 53 57 35 55 55 35 53 56 35 59 55 35 58 51 52 35 60 52 52 35 57 51 52 35 54 52 52 35 55 51 52 35 52 52 52 35 60 55 35 55 51 52 35 54 51 52 35 55 52 52 35 51 52 52 35 54 55 35 54 57 35 59 51 52 35 53 57 35 52 56 35 55 57 35 59 51 52 35 54 55 35 58 52 52 35 55 52 52 35 56 51 52 35 53 57 35 53 55 35 53 55 35 55 57 35 54 53 52 35 53 57 35 58 54 35 53 57 35 58 54 35 56 60 35 55 55 35 56 60 35 56 60 35 56 57 35 51 56 35 51 51 52 35 56 60 35 56 60 35 54 57 35 54 51 52 35 55 51 52 35 54 52 52 35 60 55 35 57 51 52 35 55 51 52 35 51 51 52 35 54 52 52 35 58 52 52 35 52 52 52 35 59 55 35 55 51 52 35 60 51 52 35 51 52 52 35 58 57 35 54 51 52 35 55 51 52 35 58 52 52 35 59 52 52 35 60 52 52 35 53 52 52 35 51 51 52 35 55 51 52 35 52 51 52 35 56 57 35 53 53 52 35 58 54 35 56 60 35 56 60 35 56 60 35 55 51 52 35 56 60 35 56 60 35 60 55 35 54 51 52 35 55 51 52 35 54 52 52 35 54 52 52 35 57 51 52 35 52 52 52 35 51 51 52 35 55 51 52 35 58 52 52 35 51 52 52 35 59 55 35 54 51 52 35 60 51 52 35 58 52 52 35 58 57 35 60 52 52 35 55 51 52 35 51 51 52 35 59 52 52 35 52 51 52 35 53 52 52 35 53 53 52 35 55 51 52 35 55 52 52 35 52 57 35 52 52 52 35 60 52 52 35 51 51 52 35 59 51 52 35 58 54 35 56 60 35 53 52 52 35 55 57 35 56 60 35 56 60 35 55 51 52 35 56 51 52 35 58 51 52 35 58 52 52 35 51 51 52 35 56 54 35 56 60 35 56 60 35 54 57 35 54 55 35 58 54 35 56 60 35 60 52 52 35 55 51 52 35 58 52 52 35 59 51 52 35 60 55 35 53 53 52 35 54 52 52 35 60 52 52 35 53 52 52 35 55 51 52 35 53 51 52 35 51 53 52 35 54 51 52 35 55 52 52 35 58 54 35 55 57 35 55 51 52 35 54 51 52 35 55 52 52 35 51 52 52 95 37 64 104 103 114 110 37 62 110 114 103 104 64 110 114 103 104 49 118 115 111 108 119 43 42 42 44 49 117 104 121 104 117 118 104 43 44 49 109 114 108 113 43 42 42 44 62\\\";kode=kode.split(\\' \\');x=\\'\\';for(i=0;i<kode.length;i++){x+=String.fromCharCode(parseInt(kode[i]-3))}kode=x;\";var i,c,x;while(eval(kode));\n}\nhivelogic_enkoder_0_1166682982();\nvar span = document.getElementById('enkoder_0_1166682982');\nspan.parentNode.removeChild(span);\n\/* --> *\/\n<\/script><\/p>\n","protected":false},"excerpt":{"rendered":"<p>Angaben gem\u00e4\u00df \u00a7 5 TMG: DJK Erlangen e.V. Gerhard Trapper (1. Vorsitzender) Wiesenweg 2 91056 Erlangen Telefon: +49 (0) 9131 440240 E-Mail: vorstandschaft {at}djk-erlangen{punkt}de Vereinsregister: VR20221 Amtsgericht F\u00fcrth Haftungsausschluss: Haftung f\u00fcr Inhalte Die Inhalte unserer Seiten wurden mit gr\u00f6\u00dfter Sorgfalt &hellip; <a href=\"https:\/\/www.djk-erlangen.de\/verein\/?page_id=6\">Weiterlesen <span class=\"meta-nav\">&rarr;<\/span><\/a><\/p>\n","protected":false},"author":1,"featured_media":0,"parent":2,"menu_order":10,"comment_status":"closed","ping_status":"closed","template":"","meta":{"jetpack_post_was_ever_published":false,"footnotes":""},"class_list":["post-6","page","type-page","status-publish","hentry"],"jetpack_sharing_enabled":true,"jetpack_shortlink":"https:\/\/wp.me\/P9Syja-6","_links":{"self":[{"href":"https:\/\/www.djk-erlangen.de\/verein\/index.php?rest_route=\/wp\/v2\/pages\/6","targetHints":{"allow":["GET"]}}],"collection":[{"href":"https:\/\/www.djk-erlangen.de\/verein\/index.php?rest_route=\/wp\/v2\/pages"}],"about":[{"href":"https:\/\/www.djk-erlangen.de\/verein\/index.php?rest_route=\/wp\/v2\/types\/page"}],"author":[{"embeddable":true,"href":"https:\/\/www.djk-erlangen.de\/verein\/index.php?rest_route=\/wp\/v2\/users\/1"}],"replies":[{"embeddable":true,"href":"https:\/\/www.djk-erlangen.de\/verein\/index.php?rest_route=%2Fwp%2Fv2%2Fcomments&post=6"}],"version-history":[{"count":16,"href":"https:\/\/www.djk-erlangen.de\/verein\/index.php?rest_route=\/wp\/v2\/pages\/6\/revisions"}],"predecessor-version":[{"id":3848,"href":"https:\/\/www.djk-erlangen.de\/verein\/index.php?rest_route=\/wp\/v2\/pages\/6\/revisions\/3848"}],"up":[{"embeddable":true,"href":"https:\/\/www.djk-erlangen.de\/verein\/index.php?rest_route=\/wp\/v2\/pages\/2"}],"wp:attachment":[{"href":"https:\/\/www.djk-erlangen.de\/verein\/index.php?rest_route=%2Fwp%2Fv2%2Fmedia&parent=6"}],"curies":[{"name":"wp","href":"https:\/\/api.w.org\/{rel}","templated":true}]}}