{"id":3568,"date":"2025-11-11T12:00:00","date_gmt":"2025-11-11T11:00:00","guid":{"rendered":"https:\/\/www.djk-erlangen.de\/verein\/?page_id=3568"},"modified":"2025-11-11T17:56:53","modified_gmt":"2025-11-11T16:56:53","slug":"djk-vereinsgaststaette-2","status":"publish","type":"page","link":"https:\/\/www.djk-erlangen.de\/verein\/?page_id=3568","title":{"rendered":"Vereinsgastst\u00e4tte DF Grill Haus"},"content":{"rendered":"\n<p class=\"has-text-align-center has-medium-font-size\"><strong>Wiesenweg 2 \u2022 91056 Erlangen \u2022 09131-44544 <\/strong><\/p>\n\n\n\n<h4 class=\"wp-block-heading has-text-align-center\">Verehrte G\u00e4ste,<br>seit dem 13. September 2024 betreiben wir, Georgi und Veronica mit unserem Team, die Sportgastst\u00e4tte am DJK Erlangen als <a href=\"https:\/\/www.facebook.com\/profile.php?id=61555477917006&amp;__cft__[0]=AZWLq0bFaQ6ys4mvhiQzsKqISY5FN-igor3LySDKv_hcBVlpfGxeExqopfG-rG8CCU5n5RrViJO7rWpd6XUcfUw_iwLC0vYuCcRGt78hJVhmSRdvJQgb2_s9A2CmC5MaFAZJD68TdfCnVobzLjlViGPDPexD-RRjipURFz3nKoEbaxsiJrtP31Wn7GbcnnQqF08MMYoj0Im5mboXyIxNja-V&amp;__tn__=-]C%2CP-R\"><strong>DF Grill Haus<\/strong><\/a> und m\u00f6chten Sie mit typischen rum\u00e4nischen und internationalen Gerichten kulinarisch verw\u00f6hnen.<br><\/h4>\n\n\n\n<h2 class=\"wp-block-heading has-text-align-center\"><strong>Georgi &amp; Veronica<\/strong><\/h2>\n\n\n\n<p><\/p>\n\n\n\n<h4 class=\"wp-block-heading has-text-align-center\">Lassen Sie sich gerne inspirieren von einem Blick in unsere<\/h4>\n\n\n\n<h2 class=\"wp-block-heading has-text-align-center\"><a href=\"https:\/\/www.djk-erlangen.de\/verein\/wp-content\/uploads\/2024\/09\/Speisekarte-DJK-Sportheim.pdf\">Speisekarte<\/a>.<\/h2>\n\n\n\n<div style=\"height:25px\" aria-hidden=\"true\" class=\"wp-block-spacer\"><\/div>\n\n\n\n<h2 class=\"wp-block-heading has-text-align-center has-medium-font-size\">Unsere \u00d6ffnungszeiten im Winter<\/h2>\n\n\n\n<p class=\"has-text-align-center\"><strong>Montag, Dienstag, Mittwoch:<\/strong><br><strong>Ruhetag<\/strong><\/p>\n\n\n\n<p class=\"has-text-align-center\"><strong><strong>Donnerstag<\/strong><\/strong> und <strong>Freitag<\/strong>:<br> von <strong>17:00<\/strong> bis <strong>22:00 <\/strong>Uhr<\/p>\n\n\n\n<p class=\"has-text-align-center\"><strong>Samstag<\/strong>, <strong>Sonntag <\/strong>und <strong>Feiertage<\/strong>: <br>von <strong>16:00<\/strong> bis <strong>22:00<\/strong> Uhr<\/p>\n\n\n\n<p class=\"has-text-align-center\">Warme K\u00fcche bis <strong>21:00 <\/strong>Uhr<\/p>\n\n\n\n<p><\/p>\n\n\n\n<p><\/p>\n","protected":false},"excerpt":{"rendered":"<p>Wiesenweg 2 \u2022 91056 Erlangen \u2022 09131-44544 Verehrte G\u00e4ste,seit dem 13. September 2024 betreiben wir, Georgi und Veronica mit unserem Team, die Sportgastst\u00e4tte am DJK Erlangen als DF Grill Haus und m\u00f6chten Sie mit typischen rum\u00e4nischen und internationalen Gerichten kulinarisch &hellip; <a href=\"https:\/\/www.djk-erlangen.de\/verein\/?page_id=3568\">Weiterlesen <span class=\"meta-nav\">&rarr;<\/span><\/a><\/p>\n","protected":false},"author":5,"featured_media":0,"parent":0,"menu_order":10,"comment_status":"closed","ping_status":"closed","template":"","meta":{"jetpack_post_was_ever_published":false,"footnotes":""},"class_list":["post-3568","page","type-page","status-publish","hentry"],"jetpack_sharing_enabled":true,"jetpack_shortlink":"https:\/\/wp.me\/P9Syja-Vy","_links":{"self":[{"href":"https:\/\/www.djk-erlangen.de\/verein\/index.php?rest_route=\/wp\/v2\/pages\/3568","targetHints":{"allow":["GET"]}}],"collection":[{"href":"https:\/\/www.djk-erlangen.de\/verein\/index.php?rest_route=\/wp\/v2\/pages"}],"about":[{"href":"https:\/\/www.djk-erlangen.de\/verein\/index.php?rest_route=\/wp\/v2\/types\/page"}],"author":[{"embeddable":true,"href":"https:\/\/www.djk-erlangen.de\/verein\/index.php?rest_route=\/wp\/v2\/users\/5"}],"replies":[{"embeddable":true,"href":"https:\/\/www.djk-erlangen.de\/verein\/index.php?rest_route=%2Fwp%2Fv2%2Fcomments&post=3568"}],"version-history":[{"count":15,"href":"https:\/\/www.djk-erlangen.de\/verein\/index.php?rest_route=\/wp\/v2\/pages\/3568\/revisions"}],"predecessor-version":[{"id":3865,"href":"https:\/\/www.djk-erlangen.de\/verein\/index.php?rest_route=\/wp\/v2\/pages\/3568\/revisions\/3865"}],"wp:attachment":[{"href":"https:\/\/www.djk-erlangen.de\/verein\/index.php?rest_route=%2Fwp%2Fv2%2Fmedia&parent=3568"}],"curies":[{"name":"wp","href":"https:\/\/api.w.org\/{rel}","templated":true}]}}