{"id":299,"date":"2010-07-06T22:24:00","date_gmt":"2010-07-06T20:24:00","guid":{"rendered":"http:\/\/www.djk-erlangen.de\/verein\/?page_id=299"},"modified":"2022-10-12T09:53:54","modified_gmt":"2022-10-12T07:53:54","slug":"helfen-zum-sanieren-und-gewinnen","status":"publish","type":"page","link":"https:\/\/www.djk-erlangen.de\/verein\/?page_id=299","title":{"rendered":"Helfen zum Sanieren"},"content":{"rendered":"<p style=\"text-align: left;\"><strong>Liebe Spender, sehr geehrte Damen und Herren! <\/strong><\/p>\n<p>Mit Ihrer Unterst\u00fctzung konnten bei der DJK Erlangen schon einige &#8222;Baustellen&#8220; auf dem Vereinsgel\u00e4nde beseitigt werden. So wurde das Dach der Hauptgeb\u00e4ude erneuert. Zur Verbesserung der Bew\u00e4sserung der Fu\u00dfballpl\u00e4tze wurden zwei Zisternen geschaffen. Oder der Umbau der ehemaligen Kegelbahn in mehrere Gemeinschaftsr\u00e4ume, welche nicht nur der Vereinsjugend, sondern allen Mitgliedern zur Verf\u00fcgung stehen (<a title=\"Raumbuchung\" href=\"http:\/\/www.djk-erlangen.de\/verein\/?page_id=1409\" target=\"_blank\" rel=\"noopener\">zur Raumbuchung<\/a>).<\/p>\n<h4>Es gibt jedoch noch viel zu tun! Bitte unterst\u00fctzen Sie uns mit einer Geldspende!<\/h4>\n<h4 style=\"text-align: center;\"><strong>IBAN-Kontonummer: DE82 7635 0000 0000 0166 61<br>\nSpendenkonto: 16661<br>\nBLZ:&nbsp;76350000 | Sparkasse&nbsp;Erlangen<\/strong><\/h4>\n<p style=\"text-align: center;\"><strong>Der Einzahlungsbeleg bis zu 100,00\u20ac z\u00e4hlt als Spendenquittung und wird unter Angabe des Verwendungszwecks vom Finanzamt anerkannt.<\/strong><\/p>\n<h3 style=\"text-align: left;\">Mit Ihrer Hilfe haben wir bereits etwas bewegt!<\/h3>\n\n\t\t<style type=\"text\/css\">\n\t\t\t#gallery-1 {\n\t\t\t\tmargin: auto;\n\t\t\t}\n\t\t\t#gallery-1 .gallery-item {\n\t\t\t\tfloat: left;\n\t\t\t\tmargin-top: 10px;\n\t\t\t\ttext-align: center;\n\t\t\t\twidth: 33%;\n\t\t\t}\n\t\t\t#gallery-1 img {\n\t\t\t\tborder: 2px solid #cfcfcf;\n\t\t\t}\n\t\t\t#gallery-1 .gallery-caption {\n\t\t\t\tmargin-left: 0;\n\t\t\t}\n\t\t\t\/* see gallery_shortcode() in wp-includes\/media.php *\/\n\t\t<\/style>\n\t\t<div id='gallery-1' class='gallery galleryid-299 gallery-columns-3 gallery-size-thumbnail'><dl class='gallery-item'>\n\t\t\t<dt class='gallery-icon landscape'>\n\t\t\t\t<a href='https:\/\/www.djk-erlangen.de\/verein\/wp-content\/uploads\/2010\/07\/2014-02-08-11.51.08.jpg'><img loading=\"lazy\" decoding=\"async\" width=\"150\" height=\"150\" src=\"https:\/\/www.djk-erlangen.de\/verein\/wp-content\/uploads\/2010\/07\/2014-02-08-11.51.08-150x150.jpg\" class=\"attachment-thumbnail size-thumbnail\" alt=\"\" \/><\/a>\n\t\t\t<\/dt><\/dl><dl class='gallery-item'>\n\t\t\t<dt class='gallery-icon landscape'>\n\t\t\t\t<a href='https:\/\/www.djk-erlangen.de\/verein\/wp-content\/uploads\/2010\/07\/2014-02-08-11.51.13.jpg'><img loading=\"lazy\" decoding=\"async\" width=\"150\" height=\"150\" src=\"https:\/\/www.djk-erlangen.de\/verein\/wp-content\/uploads\/2010\/07\/2014-02-08-11.51.13-150x150.jpg\" class=\"attachment-thumbnail size-thumbnail\" alt=\"\" \/><\/a>\n\t\t\t<\/dt><\/dl><dl class='gallery-item'>\n\t\t\t<dt class='gallery-icon landscape'>\n\t\t\t\t<a href='https:\/\/www.djk-erlangen.de\/verein\/wp-content\/uploads\/2010\/07\/2014-02-08-11.51.34.jpg'><img loading=\"lazy\" decoding=\"async\" width=\"150\" height=\"150\" src=\"https:\/\/www.djk-erlangen.de\/verein\/wp-content\/uploads\/2010\/07\/2014-02-08-11.51.34-150x150.jpg\" class=\"attachment-thumbnail size-thumbnail\" alt=\"\" \/><\/a>\n\t\t\t<\/dt><\/dl><br style=\"clear: both\" \/><dl class='gallery-item'>\n\t\t\t<dt class='gallery-icon landscape'>\n\t\t\t\t<a href='https:\/\/www.djk-erlangen.de\/verein\/wp-content\/uploads\/2010\/07\/2014-02-08-12.36.59.jpg'><img loading=\"lazy\" decoding=\"async\" width=\"150\" height=\"150\" src=\"https:\/\/www.djk-erlangen.de\/verein\/wp-content\/uploads\/2010\/07\/2014-02-08-12.36.59-150x150.jpg\" class=\"attachment-thumbnail size-thumbnail\" alt=\"\" \/><\/a>\n\t\t\t<\/dt><\/dl><dl class='gallery-item'>\n\t\t\t<dt class='gallery-icon landscape'>\n\t\t\t\t<a href='https:\/\/www.djk-erlangen.de\/verein\/wp-content\/uploads\/2010\/07\/2014-03-28-16.21.22.jpg'><img loading=\"lazy\" decoding=\"async\" width=\"150\" height=\"150\" src=\"https:\/\/www.djk-erlangen.de\/verein\/wp-content\/uploads\/2010\/07\/2014-03-28-16.21.22-150x150.jpg\" class=\"attachment-thumbnail size-thumbnail\" alt=\"\" \/><\/a>\n\t\t\t<\/dt><\/dl><dl class='gallery-item'>\n\t\t\t<dt class='gallery-icon landscape'>\n\t\t\t\t<a href='https:\/\/www.djk-erlangen.de\/verein\/wp-content\/uploads\/2010\/07\/2014-03-28-16.34.35.jpg'><img loading=\"lazy\" decoding=\"async\" width=\"150\" height=\"150\" src=\"https:\/\/www.djk-erlangen.de\/verein\/wp-content\/uploads\/2010\/07\/2014-03-28-16.34.35-150x150.jpg\" class=\"attachment-thumbnail size-thumbnail\" alt=\"\" \/><\/a>\n\t\t\t<\/dt><\/dl><br style=\"clear: both\" \/><dl class='gallery-item'>\n\t\t\t<dt class='gallery-icon landscape'>\n\t\t\t\t<a href='https:\/\/www.djk-erlangen.de\/verein\/wp-content\/uploads\/2010\/07\/2014-04-01-18.53.22.jpg'><img loading=\"lazy\" decoding=\"async\" width=\"150\" height=\"150\" src=\"https:\/\/www.djk-erlangen.de\/verein\/wp-content\/uploads\/2010\/07\/2014-04-01-18.53.22-150x150.jpg\" class=\"attachment-thumbnail size-thumbnail\" alt=\"\" \/><\/a>\n\t\t\t<\/dt><\/dl><dl class='gallery-item'>\n\t\t\t<dt class='gallery-icon landscape'>\n\t\t\t\t<a href='https:\/\/www.djk-erlangen.de\/verein\/wp-content\/uploads\/2010\/07\/2014-04-05-14.15.22.jpg'><img loading=\"lazy\" decoding=\"async\" width=\"150\" height=\"150\" src=\"https:\/\/www.djk-erlangen.de\/verein\/wp-content\/uploads\/2010\/07\/2014-04-05-14.15.22-150x150.jpg\" class=\"attachment-thumbnail size-thumbnail\" alt=\"\" \/><\/a>\n\t\t\t<\/dt><\/dl><dl class='gallery-item'>\n\t\t\t<dt class='gallery-icon portrait'>\n\t\t\t\t<a href='https:\/\/www.djk-erlangen.de\/verein\/wp-content\/uploads\/2010\/07\/2014-04-05-14.16.21.jpg'><img loading=\"lazy\" decoding=\"async\" width=\"150\" height=\"150\" src=\"https:\/\/www.djk-erlangen.de\/verein\/wp-content\/uploads\/2010\/07\/2014-04-05-14.16.21-150x150.jpg\" class=\"attachment-thumbnail size-thumbnail\" alt=\"\" \/><\/a>\n\t\t\t<\/dt><\/dl><br style=\"clear: both\" \/><dl class='gallery-item'>\n\t\t\t<dt class='gallery-icon portrait'>\n\t\t\t\t<a href='https:\/\/www.djk-erlangen.de\/verein\/wp-content\/uploads\/2010\/07\/2014-04-05-14.16.37.jpg'><img loading=\"lazy\" decoding=\"async\" width=\"150\" height=\"150\" src=\"https:\/\/www.djk-erlangen.de\/verein\/wp-content\/uploads\/2010\/07\/2014-04-05-14.16.37-150x150.jpg\" class=\"attachment-thumbnail size-thumbnail\" alt=\"\" \/><\/a>\n\t\t\t<\/dt><\/dl><dl class='gallery-item'>\n\t\t\t<dt class='gallery-icon portrait'>\n\t\t\t\t<a href='https:\/\/www.djk-erlangen.de\/verein\/wp-content\/uploads\/2010\/07\/2014-04-05-14.19.08.jpg'><img loading=\"lazy\" decoding=\"async\" width=\"150\" height=\"150\" src=\"https:\/\/www.djk-erlangen.de\/verein\/wp-content\/uploads\/2010\/07\/2014-04-05-14.19.08-150x150.jpg\" class=\"attachment-thumbnail size-thumbnail\" alt=\"\" \/><\/a>\n\t\t\t<\/dt><\/dl><dl class='gallery-item'>\n\t\t\t<dt class='gallery-icon portrait'>\n\t\t\t\t<a href='https:\/\/www.djk-erlangen.de\/verein\/wp-content\/uploads\/2010\/07\/2014-04-05-14.27.26.jpg'><img loading=\"lazy\" decoding=\"async\" width=\"150\" height=\"150\" src=\"https:\/\/www.djk-erlangen.de\/verein\/wp-content\/uploads\/2010\/07\/2014-04-05-14.27.26-150x150.jpg\" class=\"attachment-thumbnail size-thumbnail\" alt=\"\" \/><\/a>\n\t\t\t<\/dt><\/dl><br style=\"clear: both\" \/><dl class='gallery-item'>\n\t\t\t<dt class='gallery-icon portrait'>\n\t\t\t\t<a href='https:\/\/www.djk-erlangen.de\/verein\/wp-content\/uploads\/2010\/07\/2014-04-11-17.16.50.jpg'><img loading=\"lazy\" decoding=\"async\" width=\"150\" height=\"150\" src=\"https:\/\/www.djk-erlangen.de\/verein\/wp-content\/uploads\/2010\/07\/2014-04-11-17.16.50-150x150.jpg\" class=\"attachment-thumbnail size-thumbnail\" alt=\"\" \/><\/a>\n\t\t\t<\/dt><\/dl><dl class='gallery-item'>\n\t\t\t<dt class='gallery-icon portrait'>\n\t\t\t\t<a href='https:\/\/www.djk-erlangen.de\/verein\/wp-content\/uploads\/2010\/07\/2014-04-11-17.17.13.jpg'><img loading=\"lazy\" decoding=\"async\" width=\"150\" height=\"150\" src=\"https:\/\/www.djk-erlangen.de\/verein\/wp-content\/uploads\/2010\/07\/2014-04-11-17.17.13-150x150.jpg\" class=\"attachment-thumbnail size-thumbnail\" alt=\"\" \/><\/a>\n\t\t\t<\/dt><\/dl><dl class='gallery-item'>\n\t\t\t<dt class='gallery-icon portrait'>\n\t\t\t\t<a href='https:\/\/www.djk-erlangen.de\/verein\/wp-content\/uploads\/2010\/07\/2014-04-11-17.17.33.jpg'><img loading=\"lazy\" decoding=\"async\" width=\"150\" height=\"150\" src=\"https:\/\/www.djk-erlangen.de\/verein\/wp-content\/uploads\/2010\/07\/2014-04-11-17.17.33-150x150.jpg\" class=\"attachment-thumbnail size-thumbnail\" alt=\"\" \/><\/a>\n\t\t\t<\/dt><\/dl><br style=\"clear: both\" \/><dl class='gallery-item'>\n\t\t\t<dt class='gallery-icon portrait'>\n\t\t\t\t<a href='https:\/\/www.djk-erlangen.de\/verein\/wp-content\/uploads\/2010\/07\/2014-04-11-17.17.53.jpg'><img loading=\"lazy\" decoding=\"async\" width=\"150\" height=\"150\" src=\"https:\/\/www.djk-erlangen.de\/verein\/wp-content\/uploads\/2010\/07\/2014-04-11-17.17.53-150x150.jpg\" class=\"attachment-thumbnail size-thumbnail\" alt=\"\" \/><\/a>\n\t\t\t<\/dt><\/dl><dl class='gallery-item'>\n\t\t\t<dt class='gallery-icon portrait'>\n\t\t\t\t<a href='https:\/\/www.djk-erlangen.de\/verein\/wp-content\/uploads\/2010\/07\/2014-04-22-18.11.56.jpg'><img loading=\"lazy\" decoding=\"async\" width=\"150\" height=\"150\" src=\"https:\/\/www.djk-erlangen.de\/verein\/wp-content\/uploads\/2010\/07\/2014-04-22-18.11.56-150x150.jpg\" class=\"attachment-thumbnail size-thumbnail\" alt=\"\" \/><\/a>\n\t\t\t<\/dt><\/dl><dl class='gallery-item'>\n\t\t\t<dt class='gallery-icon landscape'>\n\t\t\t\t<a href='https:\/\/www.djk-erlangen.de\/verein\/wp-content\/uploads\/2010\/07\/2014-07-19-20.52.05.jpg'><img loading=\"lazy\" decoding=\"async\" width=\"150\" height=\"150\" src=\"https:\/\/www.djk-erlangen.de\/verein\/wp-content\/uploads\/2010\/07\/2014-07-19-20.52.05-150x150.jpg\" class=\"attachment-thumbnail size-thumbnail\" alt=\"\" \/><\/a>\n\t\t\t<\/dt><\/dl><br style=\"clear: both\" \/><dl class='gallery-item'>\n\t\t\t<dt class='gallery-icon landscape'>\n\t\t\t\t<a href='https:\/\/www.djk-erlangen.de\/verein\/wp-content\/uploads\/2010\/07\/2014-07-19-20.52.19.jpg'><img loading=\"lazy\" decoding=\"async\" width=\"150\" height=\"150\" src=\"https:\/\/www.djk-erlangen.de\/verein\/wp-content\/uploads\/2010\/07\/2014-07-19-20.52.19-150x150.jpg\" class=\"attachment-thumbnail size-thumbnail\" alt=\"\" \/><\/a>\n\t\t\t<\/dt><\/dl><dl class='gallery-item'>\n\t\t\t<dt class='gallery-icon landscape'>\n\t\t\t\t<a href='https:\/\/www.djk-erlangen.de\/verein\/wp-content\/uploads\/2010\/07\/2014-07-19-20.52.27.jpg'><img loading=\"lazy\" decoding=\"async\" width=\"150\" height=\"150\" src=\"https:\/\/www.djk-erlangen.de\/verein\/wp-content\/uploads\/2010\/07\/2014-07-19-20.52.27-150x150.jpg\" class=\"attachment-thumbnail size-thumbnail\" alt=\"\" \/><\/a>\n\t\t\t<\/dt><\/dl>\n\t\t\t<br style='clear: both' \/>\n\t\t<\/div>\n\n\n\n \n","protected":false},"excerpt":{"rendered":"<p>Liebe Spender, sehr geehrte Damen und Herren! Mit Ihrer Unterst\u00fctzung konnten bei der DJK Erlangen schon einige &#8222;Baustellen&#8220; auf dem Vereinsgel\u00e4nde beseitigt werden. So wurde das Dach der Hauptgeb\u00e4ude erneuert. Zur Verbesserung der Bew\u00e4sserung der Fu\u00dfballpl\u00e4tze wurden zwei Zisternen geschaffen. &hellip; <a href=\"https:\/\/www.djk-erlangen.de\/verein\/?page_id=299\">Weiterlesen <span class=\"meta-nav\">&rarr;<\/span><\/a><\/p>\n","protected":false},"author":4,"featured_media":0,"parent":391,"menu_order":1,"comment_status":"closed","ping_status":"closed","template":"","meta":{"jetpack_post_was_ever_published":false,"footnotes":""},"class_list":["post-299","page","type-page","status-publish","hentry"],"jetpack_sharing_enabled":true,"jetpack_shortlink":"https:\/\/wp.me\/P9Syja-4P","_links":{"self":[{"href":"https:\/\/www.djk-erlangen.de\/verein\/index.php?rest_route=\/wp\/v2\/pages\/299","targetHints":{"allow":["GET"]}}],"collection":[{"href":"https:\/\/www.djk-erlangen.de\/verein\/index.php?rest_route=\/wp\/v2\/pages"}],"about":[{"href":"https:\/\/www.djk-erlangen.de\/verein\/index.php?rest_route=\/wp\/v2\/types\/page"}],"author":[{"embeddable":true,"href":"https:\/\/www.djk-erlangen.de\/verein\/index.php?rest_route=\/wp\/v2\/users\/4"}],"replies":[{"embeddable":true,"href":"https:\/\/www.djk-erlangen.de\/verein\/index.php?rest_route=%2Fwp%2Fv2%2Fcomments&post=299"}],"version-history":[{"count":86,"href":"https:\/\/www.djk-erlangen.de\/verein\/index.php?rest_route=\/wp\/v2\/pages\/299\/revisions"}],"predecessor-version":[{"id":3399,"href":"https:\/\/www.djk-erlangen.de\/verein\/index.php?rest_route=\/wp\/v2\/pages\/299\/revisions\/3399"}],"up":[{"embeddable":true,"href":"https:\/\/www.djk-erlangen.de\/verein\/index.php?rest_route=\/wp\/v2\/pages\/391"}],"wp:attachment":[{"href":"https:\/\/www.djk-erlangen.de\/verein\/index.php?rest_route=%2Fwp%2Fv2%2Fmedia&parent=299"}],"curies":[{"name":"wp","href":"https:\/\/api.w.org\/{rel}","templated":true}]}}