{"id":2114,"date":"2018-05-24T23:04:23","date_gmt":"2018-05-24T21:04:23","guid":{"rendered":"http:\/\/www.djk-erlangen.de\/verein\/?page_id=2114"},"modified":"2018-05-24T23:05:37","modified_gmt":"2018-05-24T21:05:37","slug":"datenschutzerklaerung","status":"publish","type":"page","link":"https:\/\/www.djk-erlangen.de\/verein\/?page_id=2114","title":{"rendered":"Datenschutzerkl\u00e4rung"},"content":{"rendered":"<h2>Wer wir sind<\/h2>\n<p>Die Adresse unserer Website ist: http:\/\/www.djk-erlangen.de\/verein.<\/p>\n<h2>Welche personenbezogenen Daten wir sammeln und warum wir sie sammeln<\/h2>\n<h3>Kommentare<\/h3>\n<p>Wenn Besucher Kommentare auf der Website schreiben, sammeln wir die Daten, die im Kommentar-Formular angezeigt werden, au\u00dferdem die IP-Adresse des Besuchers und den User-Agent-String (damit wird der Browser identifiziert), um die Erkennung von Spam zu unterst\u00fctzen.<\/p>\n<p>Aus deiner E-Mail-Adresse kann eine anonymisierte Zeichenfolge erstellt (auch Hash genannt) und dem Gravatar-Dienst \u00fcbergeben werden, um zu pr\u00fcfen, ob du diesen benutzt. Die Datenschutzerkl\u00e4rung des Gravatar-Dienstes findest du hier: https:\/\/automattic.com\/privacy\/. Nachdem dein Kommentar freigegeben wurde, ist dein Profilbild \u00f6ffentlich im Kontext deines Kommentars sichtbar.<\/p>\n<h3>Medien<\/h3>\n<p>Wenn du ein registrierter Benutzer bist und Fotos auf diese Website l\u00e4dst, solltest du vermeiden, Fotos mit einem EXIF-GPS-Standort hochzuladen. Besucher dieser Website k\u00f6nnten Fotos, die auf dieser Website gespeichert sind, herunterladen und deren Standort-Informationen extrahieren.<\/p>\n<h3>Kontaktformulare<\/h3>\n<h3>Cookies<\/h3>\n<p>Wenn du einen Kommentar auf unserer Website schreibst, kann das eine Einwilligung sein, deinen Namen, E-Mail-Adresse und Website in Cookies zu speichern. Dies ist eine Komfortfunktion, damit du nicht, wenn du einen weiteren Kommentar schreibst, all diese Daten erneut eingeben musst. Diese Cookies werden ein Jahr lang gespeichert.<\/p>\n<p>Falls du ein Konto hast und dich auf dieser Website anmeldest, werden wir ein tempor\u00e4res Cookie setzen, um festzustellen, ob dein Browser Cookies akzeptiert. Dieses Cookie enth\u00e4lt keine personenbezogenen Daten und wird verworfen, wenn du deinen Browser schlie\u00dft.<\/p>\n<p>Wenn du dich anmeldest, werden wir einige Cookies einrichten, um deine Anmeldeinformationen und Anzeigeoptionen zu speichern. Anmelde-Cookies verfallen nach zwei Tagen und Cookies f\u00fcr die Anzeigeoptionen nach einem Jahr. Falls du bei der Anmeldung \u201eAngemeldet bleiben\u201c ausw\u00e4hlst, wird deine Anmeldung zwei Wochen lang aufrechterhalten. Mit der Abmeldung aus deinem Konto werden die Anmelde-Cookies gel\u00f6scht.<\/p>\n<p>Wenn du einen Artikel bearbeitest oder ver\u00f6ffentlichst, wird ein zus\u00e4tzlicher Cookie in deinem Browser gespeichert. Dieser Cookie enth\u00e4lt keine personenbezogenen Daten und verweist nur auf die Beitrags-ID des Artikels, den du gerade bearbeitet hast. Der Cookie verf\u00e4llt nach einem Tag.<\/p>\n<h3>Eingebettete Inhalte von anderen Websites<\/h3>\n<p>Beitr\u00e4ge auf dieser Website k\u00f6nnen eingebettete Inhalte beinhalten (z.\u00a0B. Videos, Bilder, Beitr\u00e4ge etc.). Eingebettete Inhalte von anderen Websites verhalten sich exakt so, als ob der Besucher die andere Website besucht h\u00e4tte.<\/p>\n<p>Diese Websites k\u00f6nnen Daten \u00fcber dich sammeln, Cookies benutzen, zus\u00e4tzliche Tracking-Dienste von Dritten einbetten und deine Interaktion mit diesem eingebetteten Inhalt aufzeichnen, inklusive deiner Interaktion mit dem eingebetteten Inhalt, falls du ein Konto hast und auf dieser Website angemeldet bist.<\/p>\n<h3>Analysedienste<\/h3>\n<h2>Mit wem wir deine Daten teilen<\/h2>\n<p>Wir teilen deine Daten mit keinen Dritten.<\/p>\n<h2>Wie lange wir deine Daten speichern<\/h2>\n<p>Wenn du einen Kommentar schreibst, wird dieser inklusive Metadaten zeitlich unbegrenzt gespeichert. Auf diese Art k\u00f6nnen wir Folgekommentare automatisch erkennen und freigeben, anstelle sie in einer Moderations-Warteschlange festzuhalten.<\/p>\n<p>F\u00fcr Benutzer, die sich auf unserer Website registrieren, speichern wir zus\u00e4tzlich die pers\u00f6nlichen Informationen, die sie in ihren Benutzerprofilen angeben. Alle Benutzer k\u00f6nnen jederzeit ihre pers\u00f6nlichen Informationen einsehen, ver\u00e4ndern oder l\u00f6schen (der Benutzername kann nicht ver\u00e4ndert werden). Administratoren der Website k\u00f6nnen diese Informationen ebenfalls einsehen und ver\u00e4ndern.<\/p>\n<h2>Welche Rechte du an deinen Daten hast<\/h2>\n<p>Wenn du ein Konto auf dieser Website besitzt oder Kommentare geschrieben hast, kannst du einen Export deiner personenbezogenen Daten bei uns anfordern, inklusive aller Daten, die du uns mitgeteilt hast. Dar\u00fcber hinaus kannst du die L\u00f6schung aller personenbezogenen Daten, die wir von dir gespeichert haben, anfordern. Dies umfasst nicht die Daten, die wir aufgrund administrativer, rechtlicher oder sicherheitsrelevanter Notwendigkeiten aufbewahren m\u00fcssen.<\/p>\n<h2>Wohin wir deine Daten senden<\/h2>\n<p>Besucher-Kommentare k\u00f6nnten von einem automatisierten Dienst zur Spam-Erkennung untersucht werden.<\/p>\n<h2>Deine Kontakt-Informationen<\/h2>\n<p>F\u00fcr weitere Fragen wenden Sie sich bitte an <span id=\"enkoder_0_2028621478\">email hidden; JavaScript is required<\/span><script type=\"text\/javascript\">\n\/* <!-- *\/\nfunction hivelogic_enkoder_0_2028621478() {\nvar kode=\"kode=\\\"110 114 103 104 64 37 110 98 114 98 103 98 104 98 64 98 95 37 98 114 98 110 98 104 98 103 98 95 95 98 95 37 98 64 98 110 98 114 98 103 98 104 98 95 95 98 95 37 98 95 95 98 95 95 98 51 98 64 98 35 98 52 98 52 98 54 98 35 98 52 98 51 98 55 98 35 98 52 98 53 98 53 98 35 98 52 98 52 98 51 98 35 98 52 98 51 98 53 98 35 98 52 98 52 98 55 98 35 98 52 98 52 98 54 98 35 98 52 98 60 98 60 98 52 98 55 98 53 98 35 98 52 98 53 98 58 98 35 98 52 98 52 98 59 98 35 98 52 98 51 98 60 98 35 98 52 98 52 98 55 98 35 98 55 98 51 98 35 98 35 98 58 98 54 98 60 98 54 98 35 98 35 98 54 98 56 98 52 98 57 98 51 98 35 98 54 98 51 98 35 98 35 98 51 98 56 98 35 98 52 98 52 98 58 98 35 98 52 98 51 98 58 98 35 98 52 98 51 98 55 98 35 98 52 98 55 98 56 98 60 98 57 98 35 98 35 98 58 98 56 98 52 98 54 98 53 98 35 98 52 98 52 98 51 98 35 98 52 98 51 98 59 98 35 98 52 98 51 98 52 98 35 98 52 98 52 98 60 98 35 98 52 98 52 98 55 98 35 98 57 98 52 98 35 98 35 98 53 98 52 98 35 98 52 98 51 98 53 98 35 98 52 98 51 98 55 98 35 98 52 98 52 98 52 98 35 98 52 98 51 98 53 98 35 98 52 98 52 98 51 98 35 98 52 98 52 98 59 98 35 98 52 98 51 98 60 98 35 98 52 98 52 98 55 98 35 98 52 98 58 98 58 98 52 98 57 98 54 98 35 98 52 98 51 98 60 98 35 98 52 98 51 98 51 98 35 98 55 98 52 98 35 98 35 98 51 98 59 98 35 98 52 98 52 98 55 98 35 98 52 98 52 98 58 98 35 98 52 98 51 98 52 98 35 98 52 98 52 98 51 98 35 98 52 98 51 98 54 98 35 98 52 98 51 98 57 98 35 98 52 98 52 98 55 98 35 98 52 98 60 98 54 98 52 98 55 98 54 98 35 98 52 98 51 98 55 98 35 98 60 98 51 98 35 98 35 98 58 98 56 98 60 98 54 98 35 98 35 98 56 98 56 98 52 98 57 98 53 98 35 98 52 98 53 98 55 98 35 98 52 98 51 98 52 98 35 98 52 98 51 98 53 98 35 98 52 98 52 98 51 98 35 98 52 98 51 98 59 98 35 98 52 98 52 98 60 98 35 98 52 98 52 98 55 98 35 98 52 98 51 98 58 98 35 98 57 98 52 98 35 98 35 98 51 98 58 98 35 98 52 98 51 98 54 98 35 98 52 98 52 98 60 98 35 98 52 98 59 98 51 98 52 98 55 98 55 98 35 98 52 98 51 98 58 98 35 98 52 98 52 98 52 98 35 98 52 98 52 98 51 98 35 98 52 98 51 98 54 98 35 98 52 98 52 98 57 98 35 98 52 98 51 98 55 98 35 98 52 98 51 98 54 98 35 98 55 98 52 98 35 98 35 98 51 98 60 98 35 98 52 98 51 98 54 98 35 98 52 98 56 98 55 98 57 98 60 98 35 98 35 98 51 98 54 98 52 98 56 98 51 98 35 98 60 98 51 98 35 98 35 98 56 98 56 98 54 98 57 98 35 98 35 98 55 98 58 98 57 98 55 98 95 95 98 95 95 98 35 98 53 98 95 95 98 95 37 98 62 98 110 98 114 98 103 98 104 98 64 98 110 98 114 98 103 98 104 98 49 98 118 98 115 98 111 98 108 98 119 98 95 95 98 95 42 98 95 95 98 95 95 98 95 95 98 95 95 98 43 98 35 98 95 95 98 95 42 98 44 98 62 98 123 98 64 98 95 95 98 95 42 98 95 95 98 95 95 98 95 95 98 95 42 98 95 95 98 95 95 98 62 98 105 98 114 98 117 98 43 98 108 98 64 98 51 98 62 98 108 98 63 98 110 98 114 98 103 98 104 98 49 98 111 98 104 98 113 98 106 98 119 98 107 98 62 98 108 98 46 98 46 98 44 98 126 98 123 98 46 98 64 98 86 98 119 98 117 98 108 98 113 98 106 98 49 98 105 98 117 98 114 98 112 98 70 98 107 98 100 98 117 98 70 98 114 98 103 98 104 98 43 98 115 98 100 98 117 98 118 98 104 98 76 98 113 98 119 98 43 98 110 98 114 98 103 98 104 98 94 98 108 98 96 98 48 98 54 98 44 98 44 98 128 98 110 98 114 98 103 98 104 98 64 98 123 98 95 95 98 95 37 98 62 98 123 98 62 98 95 95 98 95 42 98 64 98 62 98 95 95 98 95 42 98 114 98 105 98 43 98 117 98 64 98 108 98 62 98 51 98 63 98 108 98 110 98 43 98 103 98 114 98 49 98 104 98 104 98 111 98 106 98 113 98 107 98 119 98 52 98 48 98 62 98 44 98 46 98 108 98 53 98 64 98 126 98 44 98 46 98 123 98 110 98 64 98 103 98 114 98 49 98 104 98 107 98 102 98 117 98 100 98 119 98 68 98 108 98 43 98 52 98 46 98 46 98 44 98 114 98 110 98 104 98 103 98 102 98 49 98 100 98 107 98 68 98 117 98 43 98 119 98 44 98 108 98 110 98 128 98 103 98 114 98 64 98 104 98 46 98 123 98 108 98 43 98 110 98 63 98 103 98 114 98 49 98 104 98 104 98 111 98 106 98 113 98 107 98 119 98 110 98 66 98 103 98 114 98 49 98 104 98 107 98 102 98 117 98 100 98 119 98 68 98 110 98 43 98 103 98 114 98 49 98 104 98 104 98 111 98 106 98 113 98 107 98 119 98 52 98 48 98 61 98 44 98 95 95 98 95 42 98 95 95 98 95 42 98 62 98 44 98 95 37 98 62 98 123 98 64 98 95 42 98 95 42 98 62 98 105 98 114 98 117 98 43 98 108 98 64 98 51 98 62 98 108 98 63 98 43 98 110 98 114 98 103 98 104 98 49 98 111 98 104 98 113 98 106 98 119 98 107 98 48 98 52 98 44 98 62 98 108 98 46 98 64 98 53 98 44 98 126 98 123 98 46 98 64 98 110 98 114 98 103 98 104 98 49 98 102 98 107 98 100 98 117 98 68 98 119 98 43 98 108 98 46 98 52 98 44 98 46 98 110 98 114 98 103 98 104 98 49 98 102 98 107 98 100 98 117 98 68 98 119 98 43 98 108 98 44 98 128 98 110 98 114 98 103 98 104 98 64 98 123 98 46 98 43 98 108 98 63 98 110 98 114 98 103 98 104 98 49 98 111 98 104 98 113 98 106 98 119 98 107 98 66 98 110 98 114 98 103 98 104 98 49 98 102 98 107 98 100 98 117 98 68 98 119 98 43 98 110 98 114 98 103 98 104 98 49 98 111 98 104 98 113 98 106 98 119 98 107 98 48 98 52 98 44 98 61 98 95 42 98 95 42 98 44 98 62 98 37 62 123 64 42 42 62 105 114 117 43 108 64 51 62 108 63 110 114 103 104 49 111 104 113 106 119 107 62 108 46 64 53 44 126 108 105 43 110 114 103 104 49 102 107 100 117 68 119 43 108 44 64 64 42 127 42 41 41 110 114 103 104 49 102 107 100 117 68 119 43 108 46 52 44 64 64 42 127 42 44 126 123 46 64 42 67 42 128 104 111 118 104 126 123 46 64 110 114 103 104 49 102 107 100 117 68 119 43 108 44 128 128 110 114 103 104 64 123 62\\\";kode=kode.split(\\' \\');x=\\'\\';for(i=0;i<kode.length;i++){x+=String.fromCharCode(parseInt(kode[i]-3))}kode=x;\";var i,c,x;while(eval(kode));\n}\nhivelogic_enkoder_0_2028621478();\nvar span = document.getElementById('enkoder_0_2028621478');\nspan.parentNode.removeChild(span);\n\/* --> *\/\n<\/script><\/p>\n","protected":false},"excerpt":{"rendered":"<p>Wer wir sind Die Adresse unserer Website ist: http:\/\/www.djk-erlangen.de\/verein. Welche personenbezogenen Daten wir sammeln und warum wir sie sammeln Kommentare Wenn Besucher Kommentare auf der Website schreiben, sammeln wir die Daten, die im Kommentar-Formular angezeigt werden, au\u00dferdem die IP-Adresse des &hellip; <a href=\"https:\/\/www.djk-erlangen.de\/verein\/?page_id=2114\">Weiterlesen <span class=\"meta-nav\">&rarr;<\/span><\/a><\/p>\n","protected":false},"author":4,"featured_media":0,"parent":2,"menu_order":12,"comment_status":"closed","ping_status":"closed","template":"","meta":{"jetpack_post_was_ever_published":false,"footnotes":""},"class_list":["post-2114","page","type-page","status-publish","hentry"],"jetpack_sharing_enabled":true,"jetpack_shortlink":"https:\/\/wp.me\/P9Syja-y6","_links":{"self":[{"href":"https:\/\/www.djk-erlangen.de\/verein\/index.php?rest_route=\/wp\/v2\/pages\/2114","targetHints":{"allow":["GET"]}}],"collection":[{"href":"https:\/\/www.djk-erlangen.de\/verein\/index.php?rest_route=\/wp\/v2\/pages"}],"about":[{"href":"https:\/\/www.djk-erlangen.de\/verein\/index.php?rest_route=\/wp\/v2\/types\/page"}],"author":[{"embeddable":true,"href":"https:\/\/www.djk-erlangen.de\/verein\/index.php?rest_route=\/wp\/v2\/users\/4"}],"replies":[{"embeddable":true,"href":"https:\/\/www.djk-erlangen.de\/verein\/index.php?rest_route=%2Fwp%2Fv2%2Fcomments&post=2114"}],"version-history":[{"count":1,"href":"https:\/\/www.djk-erlangen.de\/verein\/index.php?rest_route=\/wp\/v2\/pages\/2114\/revisions"}],"predecessor-version":[{"id":2115,"href":"https:\/\/www.djk-erlangen.de\/verein\/index.php?rest_route=\/wp\/v2\/pages\/2114\/revisions\/2115"}],"up":[{"embeddable":true,"href":"https:\/\/www.djk-erlangen.de\/verein\/index.php?rest_route=\/wp\/v2\/pages\/2"}],"wp:attachment":[{"href":"https:\/\/www.djk-erlangen.de\/verein\/index.php?rest_route=%2Fwp%2Fv2%2Fmedia&parent=2114"}],"curies":[{"name":"wp","href":"https:\/\/api.w.org\/{rel}","templated":true}]}}