{"id":161,"date":"2009-11-04T19:05:19","date_gmt":"2009-11-04T18:05:19","guid":{"rendered":"http:\/\/www.djk-erlangen.de\/verein\/?page_id=161"},"modified":"2024-04-28T19:03:18","modified_gmt":"2024-04-28T17:03:18","slug":"beitrage-mitglied-werden","status":"publish","type":"page","link":"https:\/\/www.djk-erlangen.de\/verein\/?page_id=161","title":{"rendered":"Beitr\u00e4ge &#8211; Mitglied werden &#8211; Bankverbindung"},"content":{"rendered":"\n<figure class=\"wp-block-image size-full is-resized\"><img loading=\"lazy\" decoding=\"async\" width=\"1061\" height=\"452\" src=\"https:\/\/www.djk-erlangen.de\/verein\/wp-content\/uploads\/2024\/04\/Beitraege-2024.png\" alt=\"\" class=\"wp-image-3625\" style=\"width:787px;height:auto\" srcset=\"https:\/\/www.djk-erlangen.de\/verein\/wp-content\/uploads\/2024\/04\/Beitraege-2024.png 1061w, https:\/\/www.djk-erlangen.de\/verein\/wp-content\/uploads\/2024\/04\/Beitraege-2024-300x128.png 300w, https:\/\/www.djk-erlangen.de\/verein\/wp-content\/uploads\/2024\/04\/Beitraege-2024-1024x436.png 1024w, https:\/\/www.djk-erlangen.de\/verein\/wp-content\/uploads\/2024\/04\/Beitraege-2024-768x327.png 768w, https:\/\/www.djk-erlangen.de\/verein\/wp-content\/uploads\/2024\/04\/Beitraege-2024-500x213.png 500w\" sizes=\"auto, (max-width: 1061px) 100vw, 1061px\" \/><\/figure>\n\n\n\n<h4 class=\"wp-block-heading\">&nbsp;<\/h4>\n\n\n\n<h4 class=\"wp-block-heading\">Mitglied werden<\/h4>\n\n\n\n<ul class=\"wp-block-list\">\n<li><a href=\"https:\/\/www.djk-erlangen.de\/verein\/wp-content\/uploads\/2023\/12\/DJK_Beitrittserklaerung_2024-01-01.pdf\">DJK-Mitgliedsantrag inkl. Sepa Mandat (Stand 1.1.2024)<\/a><br>Wenn m\u00f6glich bitte digital ausf\u00fcllen. Vielen Dank.<\/li>\n\n\n\n<li><a href=\"http:\/\/www.djk-erlangen.de\/verein\/wp-content\/uploads\/2016\/01\/Antrag_Leistung_Bildung_Teilhabe_StadtErlangen.pdf\" rel=\"\">Antrag auf Leistungen f\u00fcr Bildung und Teilhabe der Stadt Erlangen<\/a><\/li>\n<\/ul>\n\n\n\n<h4 class=\"wp-block-heading\">Bankverbindung<\/h4>\n\n\n\n<p>DJK Erlangen e.V.<br>IBAN: DE82763500000000016661<br>Sparkasse Erlangen, BIC BYLADEM1ERH<\/p>\n\n\n\n<h4 class=\"wp-block-heading\">Allgemeine Hinweise<\/h4>\n\n\n\n<ul class=\"wp-block-list\">\n<li>Bei unterj\u00e4hrigem Eintritt wird der Beitrag monatsanteilig berechnet.<\/li>\n\n\n\n<li>Austritte m\u00fcssen dem Verein schriftlich an die Adresse des 1. Vorsitzenden oder den Schriftf\u00fchrer\/Gesch\u00e4ftsstelle (s. <a href=\"http:\/\/www.djk-erlangen.de\/verein\/?page_id=9\" target=\"_blank\" rel=\"noopener noreferrer\">Ansprechpartner<\/a>) mitgeteilt werden.<\/li>\n\n\n\n<li>Vereinsaustritte sind laut g\u00fcltiger Satzung nur zum Ende eines Kalenderjahres m\u00f6glich.<br>Der Austritt ist wirksam, sofern die schriftliche Erkl\u00e4rung bis zum 30. November des Austrittsjahres an o.g. Adresse eingegangen ist.<\/li>\n\n\n\n<li>Versicherungsschutz besteht erst mit Eintritt in den Verein.<br>Beispielsweise ist ein Schnuppertraining versicherungstechnisch NICHT abgedeckt.<br>Es k\u00f6nnen jedoch \u00fcber die Vorstandschaft Trainingsmarken zu 1,- \u20ac erworben werden. Diese beinhalten&nbsp;einen Basisversicherungsschutz.<\/li>\n<\/ul>\n","protected":false},"excerpt":{"rendered":"<p>&nbsp; Mitglied werden Bankverbindung DJK Erlangen e.V.IBAN: DE82763500000000016661Sparkasse Erlangen, BIC BYLADEM1ERH Allgemeine Hinweise<\/p>\n","protected":false},"author":5,"featured_media":0,"parent":2,"menu_order":3,"comment_status":"closed","ping_status":"closed","template":"","meta":{"jetpack_post_was_ever_published":false,"footnotes":""},"class_list":["post-161","page","type-page","status-publish","hentry"],"jetpack_sharing_enabled":true,"jetpack_shortlink":"https:\/\/wp.me\/P9Syja-2B","_links":{"self":[{"href":"https:\/\/www.djk-erlangen.de\/verein\/index.php?rest_route=\/wp\/v2\/pages\/161","targetHints":{"allow":["GET"]}}],"collection":[{"href":"https:\/\/www.djk-erlangen.de\/verein\/index.php?rest_route=\/wp\/v2\/pages"}],"about":[{"href":"https:\/\/www.djk-erlangen.de\/verein\/index.php?rest_route=\/wp\/v2\/types\/page"}],"author":[{"embeddable":true,"href":"https:\/\/www.djk-erlangen.de\/verein\/index.php?rest_route=\/wp\/v2\/users\/5"}],"replies":[{"embeddable":true,"href":"https:\/\/www.djk-erlangen.de\/verein\/index.php?rest_route=%2Fwp%2Fv2%2Fcomments&post=161"}],"version-history":[{"count":62,"href":"https:\/\/www.djk-erlangen.de\/verein\/index.php?rest_route=\/wp\/v2\/pages\/161\/revisions"}],"predecessor-version":[{"id":3626,"href":"https:\/\/www.djk-erlangen.de\/verein\/index.php?rest_route=\/wp\/v2\/pages\/161\/revisions\/3626"}],"up":[{"embeddable":true,"href":"https:\/\/www.djk-erlangen.de\/verein\/index.php?rest_route=\/wp\/v2\/pages\/2"}],"wp:attachment":[{"href":"https:\/\/www.djk-erlangen.de\/verein\/index.php?rest_route=%2Fwp%2Fv2%2Fmedia&parent=161"}],"curies":[{"name":"wp","href":"https:\/\/api.w.org\/{rel}","templated":true}]}}