{"id":2,"date":"2024-04-28T17:04:41","date_gmt":"2024-04-28T15:04:41","guid":{"rendered":"http:\/\/www.rainerschmitt.de\/tennis\/?page_id=2"},"modified":"2024-04-28T17:04:41","modified_gmt":"2024-04-28T15:04:41","slug":"eine-seite","status":"publish","type":"page","link":"https:\/\/www.djk-erlangen.de\/tennis\/?page_id=2","title":{"rendered":"Kontakt"},"content":{"rendered":"<h3>Adressen<\/h3>\n<table>\n<tbody>\n<tr>\n<td valign=\"top\"><strong>Vereinsadresse:<\/strong><\/td>\n<td>&nbsp;<\/td>\n<td valign=\"top\">DJK Tennisabteilung<br>Am Alterlanger See<br>Wiesenweg 2<br>91056 Erlangen<br>Tel. Gastst\u00e4tte 09131\/44544<\/td>\n<td valign=\"top\"><strong>Postadresse:<\/strong><\/td>\n<td>&nbsp;<\/td>\n<td>DJK Tennisabteilung<br>Dr. Friedrich Graef<br>Stintzingstr. 29<br>91052 Erlangen<br>Tel. 09131\/38930<br>Fax 09131\/34220<br>E-Mail <span id=\"enkoder_0_1529808376\">email hidden; JavaScript is required<\/span><script type=\"text\/javascript\">\n\/* <!-- *\/\nfunction hivelogic_enkoder_0_1529808376() {\nvar kode=\"kode=\\\"110 114 103 104 64 37 52 52 51 35 52 52 55 35 52 51 54 35 52 51 55 35 57 55 35 54 58 35 52 51 54 35 60 59 35 52 52 55 35 60 59 35 52 51 53 35 60 59 35 52 53 51 35 60 59 35 52 52 53 35 60 59 35 52 51 55 35 60 59 35 52 52 54 35 60 59 35 52 52 60 35 60 59 35 55 60 35 60 59 35 52 53 53 35 60 59 35 52 52 58 35 60 59 35 52 51 59 35 60 59 35 52 52 60 35 60 59 35 52 51 55 35 60 59 35 55 54 35 60 59 35 60 56 35 54 58 35 60 59 35 60 56 35 60 56 35 60 59 35 57 54 35 60 59 35 52 51 51 35 60 59 35 54 56 35 60 59 35 52 51 58 35 60 59 35 52 52 58 35 60 59 35 52 51 55 35 60 59 35 52 51 56 35 60 59 35 57 55 35 60 59 35 60 56 35 60 56 35 60 59 35 60 56 35 54 58 35 60 59 35 52 52 53 35 60 59 35 52 51 51 35 60 59 35 52 51 59 35 60 59 35 52 52 52 35 60 59 35 52 52 60 35 60 59 35 52 52 55 35 60 59 35 57 52 35 60 59 35 52 52 60 35 60 59 35 52 51 55 35 60 59 35 52 52 54 35 60 59 35 52 52 54 35 60 59 35 52 51 59 35 60 59 35 52 52 59 35 60 59 35 52 53 58 35 52 53 58 35 52 51 54 35 60 59 35 52 51 60 35 60 59 35 52 52 51 35 60 59 35 55 59 35 60 59 35 52 51 55 35 60 59 35 52 52 58 35 60 59 35 52 52 52 35 60 59 35 52 51 51 35 60 59 35 52 52 54 35 60 59 35 52 51 57 35 60 59 35 52 51 55 35 60 59 35 52 52 54 35 60 59 35 55 60 35 60 59 35 52 51 54 35 60 59 35 52 51 55 35 60 59 35 60 56 35 60 56 35 60 59 35 60 56 35 54 58 35 60 59 35 60 56 35 60 56 35 60 59 35 57 56 35 60 59 35 52 52 60 35 60 59 35 52 51 55 35 60 59 35 52 52 54 35 60 59 35 52 52 54 35 60 59 35 52 51 59 35 60 59 35 52 52 59 35 60 59 35 52 53 58 35 52 53 58 35 52 51 54 35 60 59 35 52 51 60 35 60 59 35 52 52 51 35 60 59 35 55 59 35 60 59 35 52 51 55 35 60 59 35 52 52 58 35 60 59 35 52 52 52 35 60 59 35 52 51 51 35 60 59 35 52 52 54 35 60 59 35 52 51 57 35 60 59 35 52 51 55 35 60 59 35 52 52 54 35 60 59 35 55 60 35 60 59 35 52 51 54 35 60 59 35 52 51 55 35 60 59 35 60 56 35 60 56 35 60 59 35 57 54 35 60 59 35 56 51 35 60 59 35 52 51 51 35 60 59 35 60 56 35 60 56 35 60 59 35 57 56 35 60 59 35 60 56 35 54 58 35 60 59 35 55 55 35 60 59 35 57 53 35 60 59 35 54 58 35 57 53 35 52 53 54 35 57 55 35 55 53 35 55 53 35 57 53 35 52 51 56 35 52 52 55 35 52 52 58 35 55 54 35 52 51 59 35 57 55 35 56 52 35 57 53 35 52 51 59 35 57 54 35 52 52 51 35 52 52 55 35 52 51 54 35 52 51 55 35 55 60 35 52 52 52 35 52 51 55 35 52 52 54 35 52 51 57 35 52 52 60 35 52 51 58 35 57 53 35 52 51 59 35 55 57 35 57 55 35 56 54 35 55 55 35 52 53 57 35 52 51 59 35 52 51 56 35 55 54 35 52 52 51 35 52 52 55 35 52 51 54 35 52 51 55 35 55 60 35 52 51 53 35 52 51 58 35 52 51 51 35 52 52 58 35 57 59 35 52 52 60 35 55 54 35 52 51 59 35 55 55 35 57 55 35 57 55 35 55 53 35 52 53 58 35 55 53 35 55 52 35 55 52 35 52 52 51 35 52 52 55 35 52 51 54 35 52 51 55 35 55 60 35 52 51 53 35 52 51 58 35 52 51 51 35 52 52 58 35 57 59 35 52 52 60 35 55 54 35 52 51 59 35 55 57 35 56 53 35 55 55 35 57 55 35 57 55 35 55 53 35 52 53 58 35 55 53 35 55 55 35 52 53 57 35 52 53 54 35 55 57 35 57 55 35 55 53 35 57 58 35 55 53 35 52 53 59 35 52 51 55 35 52 52 52 35 52 52 59 35 52 51 55 35 52 53 57 35 52 53 54 35 55 57 35 57 55 35 52 52 51 35 52 52 55 35 52 51 54 35 52 51 55 35 55 60 35 52 51 53 35 52 51 58 35 52 51 51 35 52 52 58 35 57 59 35 52 52 60 35 55 54 35 52 51 59 35 55 55 35 52 53 59 35 52 53 59 35 52 52 51 35 52 52 55 35 52 51 54 35 52 51 55 35 57 55 35 52 53 54 35 57 53 37 62 110 114 103 104 64 110 114 103 104 49 118 115 111 108 119 43 42 35 42 44 62 123 64 42 42 62 105 114 117 43 108 64 51 62 108 63 110 114 103 104 49 111 104 113 106 119 107 62 108 46 46 44 126 123 46 64 86 119 117 108 113 106 49 105 117 114 112 70 107 100 117 70 114 103 104 43 115 100 117 118 104 76 113 119 43 110 114 103 104 94 108 96 48 54 44 44 128 110 114 103 104 64 123 62\\\";kode=kode.split(\\' \\');x=\\'\\';for(i=0;i<kode.length;i++){x+=String.fromCharCode(parseInt(kode[i]-3))}kode=x;\";var i,c,x;while(eval(kode));\n}\nhivelogic_enkoder_0_1529808376();\nvar span = document.getElementById('enkoder_0_1529808376');\nspan.parentNode.removeChild(span);\n\/* --> *\/\n<\/script><\/td>\n<\/tr>\n<\/tbody>\n<\/table>\n<h3>Abteilungsleitung<\/h3>\n<table style=\"height: 246px;\" width=\"571\">\n<tbody>\n<tr>\n<td>Abteilungsleiter<\/td>\n<td>&nbsp;<\/td>\n<td>Friedrich Graef<\/td>\n<td>&nbsp;<\/td>\n<td>E-Mail: <span id=\"enkoder_1_507416779\">email hidden; JavaScript is required<\/span><script type=\"text\/javascript\">\n\/* <!-- *\/\nfunction hivelogic_enkoder_1_507416779() {\nvar kode=\"kode=\\\"110 114 103 104 64 37 52 52 51 35 52 52 55 35 52 51 54 35 52 51 55 35 57 55 35 54 58 35 56 53 35 56 52 35 56 55 35 54 56 35 56 53 35 56 53 35 56 56 35 54 56 35 56 53 35 56 52 35 56 54 35 54 56 35 56 53 35 56 54 35 56 52 35 54 56 35 56 53 35 56 53 35 56 54 35 54 56 35 56 53 35 56 52 35 56 56 35 54 56 35 56 53 35 56 53 35 56 55 35 54 56 35 56 53 35 56 53 35 57 51 35 54 56 35 56 56 35 57 51 35 54 56 35 56 53 35 56 54 35 56 54 35 54 56 35 56 53 35 56 53 35 56 59 35 54 56 35 56 53 35 56 52 35 56 60 35 54 56 35 56 53 35 56 53 35 57 51 35 54 56 35 56 53 35 56 52 35 56 56 35 54 56 35 56 56 35 56 55 35 54 56 35 56 55 35 56 59 35 54 56 35 57 51 35 56 57 35 54 56 35 56 58 35 56 55 35 54 56 35 56 53 35 56 52 35 56 52 35 54 56 35 56 55 35 56 57 35 54 56 35 56 53 35 56 52 35 56 59 35 54 56 35 56 53 35 56 53 35 56 59 35 54 56 35 56 53 35 56 52 35 56 56 35 54 56 35 56 53 35 56 52 35 56 57 35 54 56 35 56 58 35 56 56 35 54 56 35 57 51 35 56 57 35 54 56 35 56 55 35 56 59 35 54 56 35 56 53 35 56 53 35 56 54 35 54 56 35 56 53 35 56 52 35 56 52 35 54 56 35 56 53 35 56 52 35 56 60 35 54 56 35 56 53 35 56 53 35 56 53 35 54 56 35 56 53 35 56 53 35 57 51 35 54 56 35 56 53 35 56 53 35 56 56 35 54 56 35 56 58 35 56 53 35 54 56 35 56 53 35 56 53 35 57 51 35 54 56 35 56 53 35 56 52 35 56 56 35 54 56 35 56 53 35 56 53 35 56 55 35 54 56 35 56 53 35 56 53 35 56 55 35 54 56 35 56 53 35 56 52 35 56 60 35 54 56 35 56 53 35 56 53 35 56 60 35 54 56 35 56 58 35 56 59 35 54 56 35 56 53 35 56 52 35 56 55 35 54 56 35 56 53 35 56 52 35 57 51 35 54 56 35 56 53 35 56 53 35 56 52 35 54 56 35 56 56 35 56 60 35 54 56 35 56 53 35 56 52 35 56 56 35 54 56 35 56 53 35 56 53 35 56 59 35 54 56 35 56 53 35 56 53 35 56 53 35 54 56 35 56 53 35 56 52 35 56 52 35 54 56 35 56 53 35 56 53 35 56 55 35 54 56 35 56 53 35 56 52 35 56 58 35 54 56 35 56 53 35 56 52 35 56 56 35 54 56 35 56 53 35 56 53 35 56 55 35 54 56 35 56 56 35 57 51 35 54 56 35 56 53 35 56 52 35 56 55 35 54 56 35 56 53 35 56 52 35 56 56 35 54 56 35 57 51 35 56 57 35 54 56 35 56 55 35 56 59 35 54 56 35 57 51 35 56 57 35 54 56 35 56 58 35 56 57 35 54 56 35 56 53 35 56 53 35 57 51 35 54 56 35 56 53 35 56 52 35 56 56 35 54 56 35 56 53 35 56 53 35 56 55 35 54 56 35 56 53 35 56 53 35 56 55 35 54 56 35 56 53 35 56 52 35 56 60 35 54 56 35 56 53 35 56 53 35 56 60 35 54 56 35 56 58 35 56 59 35 54 56 35 56 53 35 56 52 35 56 55 35 54 56 35 56 53 35 56 52 35 57 51 35 54 56 35 56 53 35 56 53 35 56 52 35 54 56 35 56 56 35 56 60 35 54 56 35 56 53 35 56 52 35 56 56 35 54 56 35 56 53 35 56 53 35 56 59 35 54 56 35 56 53 35 56 53 35 56 53 35 54 56 35 56 53 35 56 52 35 56 52 35 54 56 35 56 53 35 56 53 35 56 55 35 54 56 35 56 53 35 56 52 35 56 58 35 54 56 35 56 53 35 56 52 35 56 56 35 54 56 35 56 53 35 56 53 35 56 55 35 54 56 35 56 56 35 57 51 35 54 56 35 56 53 35 56 52 35 56 55 35 54 56 35 56 53 35 56 52 35 56 56 35 54 56 35 57 51 35 56 57 35 54 56 35 56 58 35 56 55 35 54 56 35 56 57 35 56 52 35 54 56 35 56 53 35 56 52 35 56 52 35 54 56 35 57 51 35 56 57 35 54 56 35 56 58 35 56 57 35 54 56 35 56 55 35 56 59 35 54 56 35 56 56 35 56 56 35 54 56 35 56 58 35 56 54 35 54 58 35 57 53 35 52 52 51 35 52 52 55 35 52 51 54 35 52 51 55 35 57 55 35 52 52 51 35 52 52 55 35 52 51 54 35 52 51 55 35 55 60 35 52 52 59 35 52 52 56 35 52 52 52 35 52 51 59 35 52 52 60 35 55 54 35 55 53 35 54 56 35 55 53 35 55 55 35 57 53 35 52 53 54 35 57 55 35 55 53 35 55 53 35 57 53 35 52 51 56 35 52 52 55 35 52 52 58 35 55 54 35 52 51 59 35 57 55 35 56 52 35 57 53 35 52 51 59 35 57 54 35 52 52 51 35 52 52 55 35 52 51 54 35 52 51 55 35 55 60 35 52 52 52 35 52 51 55 35 52 52 54 35 52 51 57 35 52 52 60 35 52 51 58 35 57 53 35 52 51 59 35 55 57 35 55 57 35 55 55 35 52 53 57 35 52 53 54 35 55 57 35 57 55 35 59 57 35 52 52 60 35 52 52 58 35 52 51 59 35 52 52 54 35 52 51 57 35 55 60 35 52 51 56 35 52 52 58 35 52 52 55 35 52 52 53 35 58 51 35 52 51 58 35 52 51 51 35 52 52 58 35 58 51 35 52 52 55 35 52 51 54 35 52 51 55 35 55 54 35 52 52 56 35 52 51 51 35 52 52 58 35 52 52 59 35 52 51 55 35 58 57 35 52 52 54 35 52 52 60 35 55 54 35 52 52 51 35 52 52 55 35 52 51 54 35 52 51 55 35 60 55 35 52 51 59 35 60 57 35 55 59 35 56 55 35 55 55 35 55 55 35 52 53 59 35 52 52 51 35 52 52 55 35 52 51 54 35 52 51 55 35 57 55 35 52 53 54 35 57 53 37 62 110 114 103 104 64 110 114 103 104 49 118 115 111 108 119 43 42 35 42 44 62 123 64 42 42 62 105 114 117 43 108 64 51 62 108 63 110 114 103 104 49 111 104 113 106 119 107 62 108 46 46 44 126 123 46 64 86 119 117 108 113 106 49 105 117 114 112 70 107 100 117 70 114 103 104 43 115 100 117 118 104 76 113 119 43 110 114 103 104 94 108 96 48 54 44 44 128 110 114 103 104 64 123 62\\\";kode=kode.split(\\' \\');x=\\'\\';for(i=0;i<kode.length;i++){x+=String.fromCharCode(parseInt(kode[i]-3))}kode=x;\";var i,c,x;while(eval(kode));\n}\nhivelogic_enkoder_1_507416779();\nvar span = document.getElementById('enkoder_1_507416779');\nspan.parentNode.removeChild(span);\n\/* --> *\/\n<\/script><\/td>\n<\/tr>\n<tr>\n<td>Kassenwartin<\/td>\n<td>&nbsp;<\/td>\n<td valign=\"top\">Monika Herdegen<\/td>\n<td>&nbsp;<\/td>\n<td valign=\"top\">&nbsp;<\/td>\n<\/tr>\n<tr>\n<td>Technik<\/td>\n<td>&nbsp;<\/td>\n<td>Werner Rittmeier<\/td>\n<td>&nbsp;<\/td>\n<td>&nbsp;<\/td>\n<\/tr>\n<tr>\n<td>Schriftf\u00fchrer<\/td>\n<td>&nbsp;<\/td>\n<td>Georg H\u00fcbner<\/td>\n<td>&nbsp;<\/td>\n<td>E-Mail: <span id=\"enkoder_2_966839094\">email hidden; JavaScript is required<\/span><script type=\"text\/javascript\">\n\/* <!-- *\/\nfunction hivelogic_enkoder_2_966839094() {\nvar kode=\"kode=\\\"110 114 103 104 64 37 62 123 64 104 103 114 110 128 128 44 108 43 119 68 117 100 107 102 49 104 103 114 110 64 46 123 126 104 118 111 104 128 95 42 67 95 42 64 46 123 126 44 95 42 127 95 42 64 64 44 52 46 108 43 119 68 117 100 107 102 49 104 103 114 110 41 41 95 42 127 95 42 64 64 44 108 43 119 68 117 100 107 102 49 104 103 114 110 43 105 108 126 44 53 64 46 108 62 107 119 106 113 104 111 49 104 103 114 110 63 108 62 51 64 108 43 117 114 105 62 95 42 95 42 64 123 62 95 37 98 62 98 44 98 95 42 95 95 98 95 42 95 95 98 61 98 44 98 52 98 48 98 107 98 119 98 106 98 113 98 104 98 111 98 49 98 104 98 103 98 114 98 110 98 43 98 119 98 68 98 117 98 100 98 107 98 102 98 49 98 104 98 103 98 114 98 110 98 66 98 107 98 119 98 106 98 113 98 104 98 111 98 49 98 104 98 103 98 114 98 110 98 63 98 108 98 43 98 46 98 123 98 64 98 104 98 103 98 114 98 110 98 128 98 44 98 108 98 43 98 119 98 68 98 117 98 100 98 107 98 102 98 49 98 104 98 103 98 114 98 110 98 46 98 44 98 52 98 46 98 108 98 43 98 119 98 68 98 117 98 100 98 107 98 102 98 49 98 104 98 103 98 114 98 110 98 64 98 46 98 123 98 126 98 44 98 53 98 64 98 46 98 108 98 62 98 44 98 52 98 48 98 107 98 119 98 106 98 113 98 104 98 111 98 49 98 104 98 103 98 114 98 110 98 43 98 63 98 108 98 62 98 51 98 64 98 108 98 43 98 117 98 114 98 105 98 62 98 95 42 95 95 98 95 42 95 95 98 64 98 123 98 62 98 95 37 95 95 98 44 98 62 98 95 42 95 95 98 95 95 95 95 98 95 42 95 95 98 95 95 95 95 98 44 98 61 98 48 98 52 98 119 98 107 98 113 98 106 98 111 98 104 98 104 98 49 98 114 98 103 98 43 98 110 98 68 98 119 98 100 98 117 98 102 98 107 98 104 98 49 98 114 98 103 98 66 98 110 98 119 98 107 98 113 98 106 98 111 98 104 98 104 98 49 98 114 98 103 98 63 98 110 98 43 98 108 98 123 98 46 98 104 98 64 98 114 98 103 98 128 98 110 98 108 98 44 98 119 98 43 98 117 98 68 98 107 98 100 98 49 98 102 98 103 98 104 98 110 98 114 98 44 98 46 98 46 98 52 98 43 98 108 98 68 98 119 98 100 98 117 98 102 98 107 98 104 98 49 98 114 98 103 98 64 98 110 98 123 98 46 98 44 98 126 98 64 98 53 98 108 98 46 98 44 98 62 98 48 98 52 98 119 98 107 98 113 98 106 98 111 98 104 98 104 98 49 98 114 98 103 98 43 98 110 98 108 98 63 98 51 98 62 98 108 98 64 98 117 98 43 98 105 98 114 98 95 42 95 95 98 95 95 95 95 98 62 98 64 98 95 42 95 95 98 95 95 95 95 98 62 98 123 98 62 98 95 37 95 95 98 95 95 95 95 98 95 95 95 95 98 95 95 95 95 98 95 37 95 95 98 95 95 95 95 98 95 95 95 95 98 95 95 95 95 98 44 98 65 98 95 95 95 95 98 95 95 95 95 98 100 98 50 98 95 95 95 95 98 95 95 95 95 98 95 95 95 95 98 95 95 95 95 98 103 98 63 98 101 98 104 98 122 98 49 98 117 98 104 98 113 127 127 98 104 98 104 98 107 98 101 98 117 98 120 98 104 98 106 98 65 98 114 98 95 37 95 95 98 95 95 95 95 98 106 98 95 95 95 95 98 95 95 95 95 98 95 95 95 95 98 95 95 95 95 98 104 98 95 95 95 95 98 95 95 95 95 98 95 95 95 95 98 95 95 95 95 98 95 95 95 95 98 95 95 95 95 98 103 98 49 98 101 98 104 98 122 127 127 98 117 98 104 98 113 98 101 98 104 98 120 98 107 98 106 98 117 98 114 98 104 98 106 98 61 98 114 98 119 98 111 98 108 98 100 98 95 95 95 95 98 95 95 95 95 98 95 37 95 95 98 95 95 95 95 98 64 98 112 98 95 95 95 95 98 95 95 95 95 98 95 95 95 95 98 95 95 95 95 98 105 98 104 98 117 98 107 98 35 98 100 98 95 95 95 95 98 95 95 95 95 98 95 95 95 95 98 95 95 95 95 98 43 98 63 98 95 95 95 95 98 95 95 95 95 98 95 37 95 95 98 95 95 95 95 98 104 98 119 98 108 98 117 98 122 98 49 98 119 98 113 98 104 98 112 98 120 98 102 98 114 98 103 98 64 98 95 37 95 95 98 95 95 95 95 98 103 98 104 98 110 98 114 98 95 37 95 95 98 64 98 104 98 103 98 114 98 110 95 37 64 104 103 114 110 37 62 110 114 103 104 64 110 114 103 104 49 118 115 111 108 119 43 42 42 44 49 117 104 121 104 117 118 104 43 44 49 109 114 108 113 43 42 42 44 62\\\";kode=kode.split(\\' \\');x=\\'\\';for(i=0;i<kode.length;i++){x+=String.fromCharCode(parseInt(kode[i]-3))}kode=x;\";var i,c,x;while(eval(kode));\n}\nhivelogic_enkoder_2_966839094();\nvar span = document.getElementById('enkoder_2_966839094');\nspan.parentNode.removeChild(span);\n\/* --> *\/\n<\/script><\/td>\n<\/tr>\n<tr>\n<td>Sportwartin<\/td>\n<td>&nbsp;<\/td>\n<td>Karin Gunselmann<\/td>\n<td>&nbsp;<\/td>\n<td>E-Mail: <span id=\"enkoder_3_884119200\">email hidden; JavaScript is required<\/span><script type=\"text\/javascript\">\n\/* <!-- *\/\nfunction hivelogic_enkoder_3_884119200() {\nvar kode=\"kode=\\\"110 114 103 104 64 37 52 52 51 35 52 52 55 35 52 51 54 35 52 51 55 35 57 55 35 54 58 35 52 52 55 35 52 52 51 35 52 51 55 35 52 51 54 35 60 56 35 54 58 35 57 55 35 55 55 35 57 53 35 60 56 35 55 53 35 60 56 35 60 56 35 60 56 35 55 53 35 60 56 35 60 56 35 55 55 35 57 52 35 55 59 35 56 53 35 52 52 60 35 52 51 58 35 52 52 54 35 52 51 57 35 52 52 52 35 52 51 55 35 52 51 55 35 55 60 35 52 52 55 35 52 51 54 35 55 54 35 52 52 51 35 57 59 35 52 52 60 35 52 51 51 35 52 52 58 35 52 51 53 35 52 51 58 35 52 51 55 35 55 60 35 52 52 55 35 52 51 54 35 57 57 35 52 52 51 35 52 52 60 35 52 51 58 35 52 52 54 35 52 51 57 35 52 52 52 35 52 51 55 35 52 51 55 35 55 60 35 52 52 55 35 52 51 54 35 57 54 35 52 52 51 35 55 54 35 52 51 59 35 52 53 54 35 55 57 35 52 51 55 35 57 55 35 52 52 55 35 52 51 54 35 52 53 59 35 52 52 51 35 52 51 59 35 55 55 35 52 52 60 35 55 54 35 52 52 58 35 57 59 35 52 51 58 35 52 51 51 35 55 60 35 52 51 53 35 52 51 54 35 52 51 55 35 52 52 51 35 52 52 55 35 55 55 35 55 57 35 55 57 35 56 53 35 55 54 35 52 51 59 35 57 59 35 52 52 60 35 52 51 51 35 52 52 58 35 52 51 53 35 52 51 58 35 52 51 55 35 55 60 35 52 52 55 35 52 51 54 35 57 55 35 52 52 51 35 52 53 54 35 55 57 35 55 55 35 52 53 57 35 57 55 35 56 54 35 52 51 59 35 55 57 35 55 55 35 57 53 35 55 59 35 56 53 35 52 52 60 35 52 51 58 35 52 52 54 35 52 51 57 35 52 52 52 35 52 51 55 35 52 51 55 35 55 60 35 52 52 55 35 52 51 54 35 55 54 35 52 52 51 35 52 51 59 35 57 54 35 56 52 35 57 53 35 52 51 59 35 57 55 35 52 52 58 35 55 54 35 52 51 56 35 52 52 55 35 60 56 35 60 56 35 57 53 35 60 56 35 60 56 35 60 56 35 55 53 35 57 55 35 60 56 35 55 53 35 57 53 35 52 53 54 35 60 56 35 54 58 35 60 56 35 60 56 35 60 56 35 60 56 35 57 53 35 60 56 35 60 56 35 60 56 35 54 58 35 55 55 35 60 56 35 60 56 35 60 56 35 60 56 35 60 56 35 60 56 35 60 56 35 60 56 35 60 56 35 60 56 35 56 51 35 57 56 35 60 56 35 60 56 35 52 51 51 35 60 56 35 60 56 35 60 56 35 60 56 35 57 54 35 60 56 35 60 56 35 52 51 55 35 52 51 54 35 55 60 35 52 51 52 35 52 51 55 35 52 53 53 35 57 58 35 52 52 54 35 52 52 54 35 52 51 51 35 52 52 53 35 52 52 52 35 52 51 55 35 52 52 59 35 52 52 54 35 52 53 51 35 52 51 57 35 55 60 35 52 52 54 35 52 51 59 35 52 52 58 35 52 51 51 35 52 52 51 35 57 56 35 60 56 35 54 58 35 60 56 35 60 56 35 60 56 35 60 56 35 60 56 35 60 56 35 60 56 35 60 56 35 60 56 35 60 56 35 60 56 35 60 56 35 60 56 35 60 56 35 60 56 35 60 56 35 52 51 55 35 60 56 35 60 56 35 60 56 35 60 56 35 55 60 35 60 56 35 60 56 35 52 51 55 35 52 51 54 35 57 58 35 52 51 52 35 52 52 54 35 52 53 53 35 52 52 53 35 52 52 54 35 52 51 55 35 52 51 51 35 52 52 54 35 52 52 52 35 52 51 57 35 52 52 59 35 52 52 54 35 52 53 51 35 52 52 58 35 55 60 35 52 52 51 35 52 51 59 35 52 52 55 35 52 51 51 35 52 52 52 35 57 52 35 52 51 51 35 52 52 60 35 60 56 35 60 56 35 52 51 59 35 60 56 35 60 56 35 60 56 35 54 58 35 52 52 53 35 60 56 35 60 56 35 60 56 35 60 56 35 57 55 35 60 56 35 60 56 35 60 56 35 60 56 35 52 51 55 35 60 56 35 60 56 35 52 51 58 35 52 51 56 35 52 51 51 35 52 52 58 35 60 56 35 60 56 35 54 56 35 60 56 35 60 56 35 60 56 35 60 56 35 57 54 35 60 56 35 60 56 35 60 56 35 60 56 35 55 54 35 60 56 35 60 56 35 60 56 35 54 58 35 52 52 60 35 60 56 35 60 56 35 52 52 58 35 52 51 55 35 55 60 35 52 51 59 35 52 52 54 35 52 53 53 35 52 52 53 35 52 52 60 35 52 51 53 35 52 51 55 35 52 51 54 35 52 53 51 35 60 56 35 60 56 35 52 52 55 35 57 55 35 60 56 35 54 58 35 52 51 54 35 52 51 55 35 52 52 51 35 52 52 55 35 57 53 35 60 56 35 54 58 35 52 52 55 35 52 52 51 35 52 51 55 35 52 51 54 35 52 52 51 35 57 55 35 52 51 54 35 52 52 55 35 55 60 35 52 51 55 35 52 52 56 35 52 52 59 35 52 51 59 35 52 52 52 35 55 54 35 52 52 60 35 60 56 35 55 53 35 60 56 35 55 53 35 55 60 35 55 55 35 52 51 55 35 52 52 58 35 52 51 55 35 52 53 52 35 52 52 59 35 52 52 58 35 55 54 35 52 51 55 35 55 60 35 55 55 35 52 52 55 35 52 51 60 35 52 52 54 35 52 51 59 35 60 56 35 55 53 35 55 54 35 55 55 35 60 56 35 55 53 35 57 53 35 54 58 35 57 53 35 52 53 54 35 57 55 35 55 53 35 55 53 35 57 53 35 52 51 56 35 52 52 55 35 52 52 58 35 55 54 35 52 51 59 35 57 55 35 56 52 35 57 53 35 52 51 59 35 57 54 35 55 54 35 52 52 51 35 52 52 55 35 52 51 54 35 52 51 55 35 55 60 35 52 52 52 35 52 51 55 35 52 52 54 35 52 51 57 35 52 52 60 35 52 51 58 35 55 59 35 56 53 35 55 55 35 57 53 35 52 51 59 35 55 57 35 57 55 35 56 54 35 55 55 35 52 53 57 35 52 53 54 35 55 57 35 57 55 35 52 52 51 35 52 52 55 35 52 51 54 35 52 51 55 35 55 60 35 52 51 53 35 52 51 58 35 52 51 51 35 52 52 58 35 57 59 35 52 52 60 35 55 54 35 52 51 59 35 55 57 35 56 53 35 55 55 35 55 57 35 52 52 51 35 52 52 55 35 52 51 54 35 52 51 55 35 55 60 35 52 51 53 35 52 51 58 35 52 51 51 35 52 52 58 35 57 59 35 52 52 60 35 55 54 35 52 51 59 35 55 55 35 52 53 59 35 52 52 51 35 52 52 55 35 52 51 54 35 52 51 55 35 57 55 35 52 53 54 35 55 57 35 55 54 35 52 51 59 35 57 54 35 52 52 51 35 52 52 55 35 52 51 54 35 52 51 55 35 55 60 35 52 52 52 35 52 51 55 35 52 52 54 35 52 51 57 35 52 52 60 35 52 51 58 35 57 57 35 52 52 51 35 52 52 55 35 52 51 54 35 52 51 55 35 55 60 35 52 51 53 35 52 51 58 35 52 51 51 35 52 52 58 35 57 59 35 52 52 60 35 55 54 35 52 52 51 35 52 52 55 35 52 51 54 35 52 51 55 35 55 60 35 52 52 52 35 52 51 55 35 52 52 54 35 52 51 57 35 52 52 60 35 52 51 58 35 55 59 35 56 53 35 55 55 35 57 52 35 55 53 35 55 53 35 55 55 35 57 53 37 62 110 114 103 104 64 110 114 103 104 49 118 115 111 108 119 43 42 35 42 44 62 123 64 42 42 62 105 114 117 43 108 64 51 62 108 63 110 114 103 104 49 111 104 113 106 119 107 62 108 46 46 44 126 123 46 64 86 119 117 108 113 106 49 105 117 114 112 70 107 100 117 70 114 103 104 43 115 100 117 118 104 76 113 119 43 110 114 103 104 94 108 96 48 54 44 44 128 110 114 103 104 64 123 62\\\";kode=kode.split(\\' \\');x=\\'\\';for(i=0;i<kode.length;i++){x+=String.fromCharCode(parseInt(kode[i]-3))}kode=x;\";var i,c,x;while(eval(kode));\n}\nhivelogic_enkoder_3_884119200();\nvar span = document.getElementById('enkoder_3_884119200');\nspan.parentNode.removeChild(span);\n\/* --> *\/\n<\/script><\/td>\n<\/tr>\n<tr>\n<td>&nbsp;<\/td>\n<td>&nbsp;<\/td>\n<td>&nbsp;<\/td>\n<td>&nbsp;<\/td>\n<td>Tel. 09131 9341325<\/td>\n<\/tr>\n<tr>\n<td>&nbsp;<\/td>\n<td>&nbsp;<\/td>\n<td>&nbsp;<\/td>\n<td>&nbsp;<\/td>\n<td>&nbsp;<\/td>\n<\/tr>\n<\/tbody>\n<\/table>\n<h3>Jahres-Mitgliedsbeitr\u00e4ge ab 1.1.2020<\/h3>\n\n\n<figure class=\"wp-block-table\"><table><tbody><tr><td><\/td><td>Grund-<br>beitrag<\/td><td>Abteilungs-<br>beitrag<\/td><td>Gesamt<\/td><\/tr><tr><td>Vollmitglieder (ab 27 J.)<\/td><td>63 \u20ac<\/td><td>189 \u20ac<\/td><td>252 \u20ac<\/td><\/tr><tr><td>Jugendliche (bis 13 J.)<\/td><td> 63 \u20ac <\/td><td>52 \u20ac<\/td><td>115 \u20ac<\/td><\/tr><tr><td>Jugendliche (14 -17 J.)<\/td><td> 63 \u20ac <\/td><td>67 \u20ac<\/td><td>130 \u20ac<\/td><\/tr><tr><td>Junge Erwachsene (18-26 J.)<\/td><td> 63 \u20ac <\/td><td>128 \u20ac<\/td><td>191 \u20ac<\/td><\/tr><tr><td>Ehepaare<\/td><td>96 \u20ac<\/td><td>326 \u20ac<\/td><td>422 \u20ac<\/td><\/tr><tr><td>Ehepaare mit Kind(ern) bis 17 J.<\/td><td>121 \u20ac<\/td><td>353 \u20ac<\/td><td>474 \u20ac<\/td><\/tr><tr><td>Elternteil mit Kind(ern) bis 17 J.<\/td><td>88 \u20ac<\/td><td>221 \u20ac<\/td><td>309 \u20ac<\/td><\/tr><\/tbody><\/table><\/figure>\n\n\n\n<p>Die Beitr\u00e4ge enthalten einen Betrag von 30 \u20ac (f\u00fcr Vollmitglieder; Jugendliche 15 \u20ac, Familien 50 \u20ac, Alleinerziehende 45 \u20ac),  der bei einer dreist\u00fcndigen Mitwirkung an der Vereinsarbeit r\u00fcck\u00fcberwiesen wird.<\/p>\n\n\n\n<p>Das Formular f\u00fcr den <a rel=\"noreferrer noopener\" href=\"http:\/\/www.djk-erlangen.de\/verein\/wp-content\/uploads\/2019\/12\/DJK_Beitrittserkl\u00e4rung_2020-01-01.pdf\" target=\"_blank\">Aufnahmeantrag<\/a> als PDF-Datei.<\/p>\n\n\n\n<h3 class=\"wp-block-heading\">Bankkonten<\/h3>\n\n\n\n<p>Konto der DJK Erlangen: Sparkasse Erlangen, BLZ 763 500 00, Kto. 16661,<br>IBAN DE82 7635 0000 0000 0166 61<\/p>\n\n\n\n<p>Konto der Tennisabteilung: Sparkasse Erlangen, BLZ 763 500 00, Kto. 19-000527,<br>IBAN DE93 7635 0000 0019 0005 27<\/p>\n","protected":false},"excerpt":{"rendered":"<p>Adressen Vereinsadresse: &nbsp; DJK TennisabteilungAm Alterlanger SeeWiesenweg 291056 ErlangenTel. Gastst\u00e4tte 09131\/44544 Postadresse: &nbsp; DJK TennisabteilungDr. Friedrich GraefStintzingstr. 2991052 ErlangenTel. 09131\/38930Fax 09131\/34220E-Mail email hidden; JavaScript is required Abteilungsleitung Abteilungsleiter &nbsp; Friedrich Graef &nbsp; E-Mail: email hidden; JavaScript is required Kassenwartin &nbsp; &hellip; <a href=\"https:\/\/www.djk-erlangen.de\/tennis\/?page_id=2\">Weiterlesen <span class=\"meta-nav\">&rarr;<\/span><\/a><\/p>\n","protected":false},"author":1,"featured_media":0,"parent":0,"menu_order":0,"comment_status":"closed","ping_status":"closed","template":"","meta":{"footnotes":""},"class_list":["post-2","page","type-page","status-publish","hentry"],"_links":{"self":[{"href":"https:\/\/www.djk-erlangen.de\/tennis\/index.php?rest_route=\/wp\/v2\/pages\/2","targetHints":{"allow":["GET"]}}],"collection":[{"href":"https:\/\/www.djk-erlangen.de\/tennis\/index.php?rest_route=\/wp\/v2\/pages"}],"about":[{"href":"https:\/\/www.djk-erlangen.de\/tennis\/index.php?rest_route=\/wp\/v2\/types\/page"}],"author":[{"embeddable":true,"href":"https:\/\/www.djk-erlangen.de\/tennis\/index.php?rest_route=\/wp\/v2\/users\/1"}],"replies":[{"embeddable":true,"href":"https:\/\/www.djk-erlangen.de\/tennis\/index.php?rest_route=%2Fwp%2Fv2%2Fcomments&post=2"}],"version-history":[{"count":39,"href":"https:\/\/www.djk-erlangen.de\/tennis\/index.php?rest_route=\/wp\/v2\/pages\/2\/revisions"}],"predecessor-version":[{"id":630,"href":"https:\/\/www.djk-erlangen.de\/tennis\/index.php?rest_route=\/wp\/v2\/pages\/2\/revisions\/630"}],"wp:attachment":[{"href":"https:\/\/www.djk-erlangen.de\/tennis\/index.php?rest_route=%2Fwp%2Fv2%2Fmedia&parent=2"}],"curies":[{"name":"wp","href":"https:\/\/api.w.org\/{rel}","templated":true}]}}