{"id":30,"date":"2011-09-01T21:32:23","date_gmt":"2011-09-01T19:32:23","guid":{"rendered":"http:\/\/www.rainerschmitt.de\/handball\/?page_id=30"},"modified":"2026-01-06T06:25:07","modified_gmt":"2026-01-06T05:25:07","slug":"mannschaft","status":"publish","type":"page","link":"https:\/\/www.djk-erlangen.de\/handball\/?page_id=30","title":{"rendered":"Minis &#8211; Mannschaft"},"content":{"rendered":"<p style=\"text-align: left;\">Unsere J\u00fcngsten werden in der Mini-Mannschaft spielerisch an den Handballsport herangef\u00fchrt. Im Vordergrund stehen Spa\u00df und Zusammenhalt und es gibt erste Turniererfahrungen.<\/p>\n<p style=\"text-align: center;\"><a href=\"http:\/\/www.djk-erlangen.de\/handball\/wp-content\/uploads\/2009\/08\/Mannschaftsbild-Minis-2011.jpg\">\u00a0<\/a><\/p>\n","protected":false},"excerpt":{"rendered":"<p>Unsere J\u00fcngsten werden in der Mini-Mannschaft spielerisch an den Handballsport herangef\u00fchrt. Im Vordergrund stehen Spa\u00df und Zusammenhalt und es gibt erste Turniererfahrungen. \u00a0<\/p>\n","protected":false},"author":2,"featured_media":0,"parent":10,"menu_order":1,"comment_status":"closed","ping_status":"closed","template":"","meta":{"footnotes":""},"class_list":["post-30","page","type-page","status-publish","hentry"],"_links":{"self":[{"href":"https:\/\/www.djk-erlangen.de\/handball\/index.php?rest_route=\/wp\/v2\/pages\/30","targetHints":{"allow":["GET"]}}],"collection":[{"href":"https:\/\/www.djk-erlangen.de\/handball\/index.php?rest_route=\/wp\/v2\/pages"}],"about":[{"href":"https:\/\/www.djk-erlangen.de\/handball\/index.php?rest_route=\/wp\/v2\/types\/page"}],"author":[{"embeddable":true,"href":"https:\/\/www.djk-erlangen.de\/handball\/index.php?rest_route=\/wp\/v2\/users\/2"}],"replies":[{"embeddable":true,"href":"https:\/\/www.djk-erlangen.de\/handball\/index.php?rest_route=%2Fwp%2Fv2%2Fcomments&post=30"}],"version-history":[{"count":22,"href":"https:\/\/www.djk-erlangen.de\/handball\/index.php?rest_route=\/wp\/v2\/pages\/30\/revisions"}],"predecessor-version":[{"id":2328,"href":"https:\/\/www.djk-erlangen.de\/handball\/index.php?rest_route=\/wp\/v2\/pages\/30\/revisions\/2328"}],"up":[{"embeddable":true,"href":"https:\/\/www.djk-erlangen.de\/handball\/index.php?rest_route=\/wp\/v2\/pages\/10"}],"wp:attachment":[{"href":"https:\/\/www.djk-erlangen.de\/handball\/index.php?rest_route=%2Fwp%2Fv2%2Fmedia&parent=30"}],"curies":[{"name":"wp","href":"https:\/\/api.w.org\/{rel}","templated":true}]}}