{"id":1874,"date":"2017-09-15T15:33:27","date_gmt":"2017-09-15T13:33:27","guid":{"rendered":"http:\/\/www.djk-erlangen.de\/handball\/?page_id=1874"},"modified":"2025-09-01T21:41:07","modified_gmt":"2025-09-01T19:41:07","slug":"spielplaene","status":"publish","type":"page","link":"https:\/\/www.djk-erlangen.de\/handball\/?page_id=1874","title":{"rendered":"DJK Turnier &#8211; Spielpl\u00e4ne"},"content":{"rendered":"<div class=\"entry\">\n<p>Hier sind die Spielpl\u00e4ne f\u00fcr unser diesj\u00e4hriges DJK-Vorbereitungsturnier am 13.09. in der Emmy-Noether-Halle.<\/p>\n<p><a href=\"https:\/\/www.djk-erlangen.de\/handball\/wp-content\/uploads\/2025\/09\/Spielplan-DJK-Turnier-001.pdf\">Turnierplan Samstag 13.9.2025 &#8211; Damen<\/a><\/p>\n<\/div>\n","protected":false},"excerpt":{"rendered":"<p>Hier sind die Spielpl\u00e4ne f\u00fcr unser diesj\u00e4hriges DJK-Vorbereitungsturnier am 13.09. in der Emmy-Noether-Halle. Turnierplan Samstag 13.9.2025 &#8211; Damen<\/p>\n","protected":false},"author":4,"featured_media":0,"parent":1867,"menu_order":3,"comment_status":"closed","ping_status":"closed","template":"","meta":{"footnotes":""},"class_list":["post-1874","page","type-page","status-publish","hentry"],"_links":{"self":[{"href":"https:\/\/www.djk-erlangen.de\/handball\/index.php?rest_route=\/wp\/v2\/pages\/1874","targetHints":{"allow":["GET"]}}],"collection":[{"href":"https:\/\/www.djk-erlangen.de\/handball\/index.php?rest_route=\/wp\/v2\/pages"}],"about":[{"href":"https:\/\/www.djk-erlangen.de\/handball\/index.php?rest_route=\/wp\/v2\/types\/page"}],"author":[{"embeddable":true,"href":"https:\/\/www.djk-erlangen.de\/handball\/index.php?rest_route=\/wp\/v2\/users\/4"}],"replies":[{"embeddable":true,"href":"https:\/\/www.djk-erlangen.de\/handball\/index.php?rest_route=%2Fwp%2Fv2%2Fcomments&post=1874"}],"version-history":[{"count":6,"href":"https:\/\/www.djk-erlangen.de\/handball\/index.php?rest_route=\/wp\/v2\/pages\/1874\/revisions"}],"predecessor-version":[{"id":2303,"href":"https:\/\/www.djk-erlangen.de\/handball\/index.php?rest_route=\/wp\/v2\/pages\/1874\/revisions\/2303"}],"up":[{"embeddable":true,"href":"https:\/\/www.djk-erlangen.de\/handball\/index.php?rest_route=\/wp\/v2\/pages\/1867"}],"wp:attachment":[{"href":"https:\/\/www.djk-erlangen.de\/handball\/index.php?rest_route=%2Fwp%2Fv2%2Fmedia&parent=1874"}],"curies":[{"name":"wp","href":"https:\/\/api.w.org\/{rel}","templated":true}]}}